{"id":5125,"date":"2025-07-17T11:00:31","date_gmt":"2025-07-17T09:00:31","guid":{"rendered":"https:\/\/clarkpowell.fr\/tunel-de-registro\/"},"modified":"2026-01-28T15:22:39","modified_gmt":"2026-01-28T14:22:39","slug":"tunel-de-registro","status":"publish","type":"page","link":"http:\/\/clarkpowell.ad\/es\/tunel-de-registro\/","title":{"rendered":"T\u00fanel de registro"},"content":{"rendered":"","protected":false},"excerpt":{"rendered":"","protected":false},"author":2,"featured_media":0,"parent":0,"menu_order":0,"comment_status":"closed","ping_status":"closed","template":"page-tunnel.php","meta":{"_acf_changed":false,"footnotes":""},"class_list":["post-5125","page","type-page","status-publish","hentry"],"acf":[],"yoast_head":"<title>T\u00fanel de registro - Clark Powell<\/title>\n<meta name=\"description\" content=\"Inscr\u00edbete en l\u00ednea en el gimnasio inmersivo Clark Powell. \u00a1\u00danete hoy a la leyenda!\" \/>\n<meta name=\"robots\" content=\"noindex, nofollow\" \/>\n<meta property=\"og:locale\" content=\"es_ES\" \/>\n<meta property=\"og:type\" content=\"article\" \/>\n<meta property=\"og:title\" content=\"T\u00fanel de registro - Clark Powell\" \/>\n<meta property=\"og:description\" content=\"Inscr\u00edbete en l\u00ednea en el gimnasio inmersivo Clark Powell. \u00a1\u00danete hoy a la leyenda!\" \/>\n<meta property=\"og:url\" content=\"http:\/\/clarkpowell.ad\/es\/tunel-de-registro\/\" \/>\n<meta property=\"og:site_name\" content=\"Clark Powell\" \/>\n<meta property=\"article:modified_time\" content=\"2026-01-28T14:22:39+00:00\" \/>\n<meta name=\"twitter:card\" content=\"summary_large_image\" \/>\n<script type=\"application\/ld+json\" class=\"yoast-schema-graph\">{\"@context\":\"https:\\\/\\\/schema.org\",\"@graph\":[{\"@type\":\"WebPage\",\"@id\":\"http:\\\/\\\/clarkpowell.ad\\\/es\\\/tunel-de-registro\\\/\",\"url\":\"http:\\\/\\\/clarkpowell.ad\\\/es\\\/tunel-de-registro\\\/\",\"name\":\"T\u00fanel de registro - Clark Powell\",\"isPartOf\":{\"@id\":\"http:\\\/\\\/clarkpowell.ad\\\/es\\\/#website\"},\"datePublished\":\"2025-07-17T09:00:31+00:00\",\"dateModified\":\"2026-01-28T14:22:39+00:00\",\"description\":\"Inscr\u00edbete en l\u00ednea en el gimnasio inmersivo Clark Powell. \u00a1\u00danete hoy a la leyenda!\",\"breadcrumb\":{\"@id\":\"http:\\\/\\\/clarkpowell.ad\\\/es\\\/tunel-de-registro\\\/#breadcrumb\"},\"inLanguage\":\"es\",\"potentialAction\":[{\"@type\":\"ReadAction\",\"target\":[\"http:\\\/\\\/clarkpowell.ad\\\/es\\\/tunel-de-registro\\\/\"]}]},{\"@type\":\"BreadcrumbList\",\"@id\":\"http:\\\/\\\/clarkpowell.ad\\\/es\\\/tunel-de-registro\\\/#breadcrumb\",\"itemListElement\":[{\"@type\":\"ListItem\",\"position\":1,\"name\":\"Accueil\",\"item\":\"http:\\\/\\\/clarkpowell.ad\\\/es\\\/\"},{\"@type\":\"ListItem\",\"position\":2,\"name\":\"T\u00fanel de registro\"}]},{\"@type\":\"WebSite\",\"@id\":\"http:\\\/\\\/clarkpowell.ad\\\/es\\\/#website\",\"url\":\"http:\\\/\\\/clarkpowell.ad\\\/es\\\/\",\"name\":\"Clark Powell Andorre\",\"description\":\"\",\"alternateName\":\"Clark Powell\",\"potentialAction\":[{\"@type\":\"SearchAction\",\"target\":{\"@type\":\"EntryPoint\",\"urlTemplate\":\"http:\\\/\\\/clarkpowell.ad\\\/es\\\/?s={search_term_string}\"},\"query-input\":{\"@type\":\"PropertyValueSpecification\",\"valueRequired\":true,\"valueName\":\"search_term_string\"}}],\"inLanguage\":\"es\"}]}<\/script>","yoast_head_json":{"title":"T\u00fanel de registro - Clark Powell","description":"Inscr\u00edbete en l\u00ednea en el gimnasio inmersivo Clark Powell. \u00a1\u00danete hoy a la leyenda!","robots":{"index":"noindex","follow":"nofollow"},"og_locale":"es_ES","og_type":"article","og_title":"T\u00fanel de registro - Clark Powell","og_description":"Inscr\u00edbete en l\u00ednea en el gimnasio inmersivo Clark Powell. \u00a1\u00danete hoy a la leyenda!","og_url":"http:\/\/clarkpowell.ad\/es\/tunel-de-registro\/","og_site_name":"Clark Powell","article_modified_time":"2026-01-28T14:22:39+00:00","twitter_card":"summary_large_image","schema":{"@context":"https:\/\/schema.org","@graph":[{"@type":"WebPage","@id":"http:\/\/clarkpowell.ad\/es\/tunel-de-registro\/","url":"http:\/\/clarkpowell.ad\/es\/tunel-de-registro\/","name":"T\u00fanel de registro - Clark Powell","isPartOf":{"@id":"http:\/\/clarkpowell.ad\/es\/#website"},"datePublished":"2025-07-17T09:00:31+00:00","dateModified":"2026-01-28T14:22:39+00:00","description":"Inscr\u00edbete en l\u00ednea en el gimnasio inmersivo Clark Powell. \u00a1\u00danete hoy a la leyenda!","breadcrumb":{"@id":"http:\/\/clarkpowell.ad\/es\/tunel-de-registro\/#breadcrumb"},"inLanguage":"es","potentialAction":[{"@type":"ReadAction","target":["http:\/\/clarkpowell.ad\/es\/tunel-de-registro\/"]}]},{"@type":"BreadcrumbList","@id":"http:\/\/clarkpowell.ad\/es\/tunel-de-registro\/#breadcrumb","itemListElement":[{"@type":"ListItem","position":1,"name":"Accueil","item":"http:\/\/clarkpowell.ad\/es\/"},{"@type":"ListItem","position":2,"name":"T\u00fanel de registro"}]},{"@type":"WebSite","@id":"http:\/\/clarkpowell.ad\/es\/#website","url":"http:\/\/clarkpowell.ad\/es\/","name":"Clark Powell Andorre","description":"","alternateName":"Clark Powell","potentialAction":[{"@type":"SearchAction","target":{"@type":"EntryPoint","urlTemplate":"http:\/\/clarkpowell.ad\/es\/?s={search_term_string}"},"query-input":{"@type":"PropertyValueSpecification","valueRequired":true,"valueName":"search_term_string"}}],"inLanguage":"es"}]}},"_links":{"self":[{"href":"http:\/\/clarkpowell.ad\/es\/wp-json\/wp\/v2\/pages\/5125","targetHints":{"allow":["GET"]}}],"collection":[{"href":"http:\/\/clarkpowell.ad\/es\/wp-json\/wp\/v2\/pages"}],"about":[{"href":"http:\/\/clarkpowell.ad\/es\/wp-json\/wp\/v2\/types\/page"}],"author":[{"embeddable":true,"href":"http:\/\/clarkpowell.ad\/es\/wp-json\/wp\/v2\/users\/2"}],"replies":[{"embeddable":true,"href":"http:\/\/clarkpowell.ad\/es\/wp-json\/wp\/v2\/comments?post=5125"}],"version-history":[{"count":3,"href":"http:\/\/clarkpowell.ad\/es\/wp-json\/wp\/v2\/pages\/5125\/revisions"}],"predecessor-version":[{"id":9466,"href":"http:\/\/clarkpowell.ad\/es\/wp-json\/wp\/v2\/pages\/5125\/revisions\/9466"}],"wp:attachment":[{"href":"http:\/\/clarkpowell.ad\/es\/wp-json\/wp\/v2\/media?parent=5125"}],"curies":[{"name":"wp","href":"https:\/\/api.w.org\/{rel}","templated":true}]}}