{"id":4489,"date":"2025-05-09T11:55:43","date_gmt":"2025-05-09T09:55:43","guid":{"rendered":"https:\/\/clarkpowell.fr\/condiciones-de-venta\/"},"modified":"2025-12-15T15:18:43","modified_gmt":"2025-12-15T14:18:43","slug":"condiciones-de-venta","status":"publish","type":"page","link":"https:\/\/clarkpowell.ad\/es\/condiciones-de-venta\/","title":{"rendered":"Condiciones de venta"},"content":{"rendered":"\n<p><\/p>\n\n<h2 class=\"wp-block-heading\"><strong>1. Objeto del contrato :<\/strong><\/h2>\n\n<p><br\/>  Tras visitar las instalaciones del Club y haberse familiarizado con los servicios ofrecidos, el Abonado declara haber suscrito un contrato de abono CLARK POWELL (en adelante, el \u00abContrato\u00bb) a su nombre, intransferible, que le autoriza a utilizar las instalaciones de autoservicio con acceso ilimitado dentro de los l\u00edmites del horario de apertura, en el marco del paquete b\u00e1sico que incluye : Vestuarios y duchas, musculaci\u00f3n libre y musculaci\u00f3n dirigida y seg\u00fan el precio y las condiciones financieras indicadas en el momento de la suscripci\u00f3n. Se informa al Suscriptor de que cada Club es libre de ofrecer condiciones especiales. Dichas condiciones especiales se enviar\u00e1n al Suscriptor antes de que el Club firme el Contrato de Suscripci\u00f3n.  <\/p>\n\n<h2 class=\"wp-block-heading\"><strong>2. Contrato CLARK POWELL :<\/strong><\/h2>\n\n<p><br\/>  Por tiempo indefinido: Los contratos ofrecidos por CLARK POWELL se celebran por tiempo indefinido. El Suscriptor debe completar un m\u00ednimo de 1 mes de suscripci\u00f3n antes de poder rescindir el contrato. Transcurrido este plazo, el Suscriptor podr\u00e1 rescindir el contrato en cualquier momento y por cualquier motivo, con un preaviso de 30 d\u00edas. Una vez firmado el Contrato, el Suscriptor recibir\u00e1 una tarjeta. Durante toda la duraci\u00f3n del Contrato, el precio establecido en el mismo est\u00e1 garantizado en euros constantes (salvo en caso de modificaci\u00f3n del tipo de IVA). Los pagos mensuales se realizar\u00e1n mediante mandato SEPA o mediante tarjeta bancaria autorizada por el Cliente. Al firmar el contrato propuesto y el mandato SEPA, autorizas a CLARK POWELL a enviar instrucciones a tu banco para que cargue el importe en tu cuenta de acuerdo con tu contrato bancario. En caso de cambio de datos bancarios, CLARK POWELL se reserva el derecho de desactivar temporalmente la tarjeta de socio hasta que el socio facilite todos los datos acompa\u00f1ados del mandato de domiciliaci\u00f3n firmado. El Club se reserva el derecho de solicitar la impresi\u00f3n de una tarjeta de cr\u00e9dito. Esta tarjeta de cr\u00e9dito no se cargar\u00e1 nunca, salvo si el Abonado rescinde su contrato antes del primer mes (salvo en los casos de fuerza mayor previstos en el art\u00edculo 8), o en caso de incidentes de pago para recuperar las sumas adeudadas o en caso de impago del mes de preaviso. \u00abEl Suscriptor acepta que el Club pueda efectuar un cargo en la tarjeta de cr\u00e9dito en caso de impago de los abonos o del mes de preaviso en caso de rescisi\u00f3n. Este cargo se realizar\u00e1 despu\u00e9s de que se haya enviado una notificaci\u00f3n formal y haya permanecido sin efecto durante un periodo de ocho (8) d\u00edas.          <\/p>\n\n<h2 class=\"wp-block-heading\"><strong>3. Condiciones de acceso:<\/strong><\/h2>\n\n<p><br\/>  Con un carn\u00e9 de socio v\u00e1lido, los socios est\u00e1n autorizados a entrar en los locales del Club y a utilizar las instalaciones dentro del horario de apertura indicado. La tarjeta de socio es obligatoria. En funci\u00f3n de la afiliaci\u00f3n elegida, esta tarjeta puede utilizarse para invitar a una segunda persona de 9.00 a 21.00 horas. La persona debe ser admitida por un miembro del personal de Clark Powell. La p\u00e9rdida de la tarjeta de abonado conllevar\u00e1 un cargo de 5 euros (cinco euros) que deber\u00e1 abonarse el d\u00eda en que se expida la nueva tarjeta. Los horarios de apertura no podr\u00e1n modificarse sin motivo justificado. Cualquier cambio se pondr\u00e1 en conocimiento del Abonado (cierre por obras, casos de fuerza mayor, etc&#8230;.). El Abonado se compromete a adoptar una actitud y una vestimenta correctas hacia todos en cualquier circunstancia y a establecer relaciones basadas en el respeto a los dem\u00e1s (Ver Reglamento Interno a la entrada del club y en las TV presentes). El Abonado declara haber le\u00eddo y comprendido el reglamento interno que se le ha entregado.        <\/p>\n\n<h2 class=\"wp-block-heading\"><strong>4. Certificado m\u00e9dico :<\/strong><\/h2>\n\n<p><br\/>  El Abonado est\u00e1 obligado a presentar un certificado m\u00e9dico que permita al Club aconsejarle sobre las actividades deportivas propuestas. En su defecto, el Abonado declara que su estado de salud le permite participar en las actividades deportivas propuestas por el Club y, m\u00e1s concretamente, utilizar los servicios, equipos e instalaciones. El Suscriptor declara que no padece ninguna enfermedad, en particular card\u00edaca o respiratoria, lesi\u00f3n o incapacidad f\u00edsica de tal naturaleza que le impida practicar las actividades y servicios objeto del Contrato. Las personas propensas a ataques epil\u00e9pticos u otras patolog\u00edas susceptibles de complicar la intervenci\u00f3n de los equipos m\u00e9dicos y de rescate deber\u00e1n informar expresamente al Club. El Suscriptor declara haber sido informado y ser consciente de los riesgos asociados a la pr\u00e1ctica de las actividades deportivas del Club CLARK POWELL. En cualquier caso, el presente art\u00edculo 4 no exime al Club de ninguna de sus obligaciones de informaci\u00f3n y asesoramiento.     <\/p>\n\n<h2 class=\"wp-block-heading\"><strong>5. Responsabilidad civil\/lesiones corporales :<\/strong><\/h2>\n\n<p>  El Club est\u00e1 asegurado contra los da\u00f1os que impliquen su responsabilidad civil, la de su personal y la de sus Miembros, de conformidad con el art\u00edculo L.321-1 del C\u00f3digo del Deporte franc\u00e9s. Este seguro tiene por objeto cubrir al Club contra las consecuencias financieras de la responsabilidad civil en que incurra por da\u00f1os causados a terceros como consecuencia de sus actividades: da\u00f1os corporales y da\u00f1os materiales. Por su parte, se invita a los Miembros a suscribir un seguro personal de Responsabilidad Civil que les cubra de los da\u00f1os que puedan causar a terceros, por su propia culpa, durante las actividades del Club. De conformidad con el art\u00edculo L.321-4 del C\u00f3digo del Deporte franc\u00e9s, el Club informa al Abonado de las ventajas de suscribir un seguro personal.   <\/p>\n\n<h2 class=\"wp-block-heading\"><strong>6. Guardarropa y almac\u00e9n :<\/strong><\/h2>\n\n<p><br\/>  El Suscriptor tiene la opci\u00f3n de utilizar taquillas individuales con cerradura tradicional, cuyo uso est\u00e1 limitado a la duraci\u00f3n de la sesi\u00f3n. Si el Suscriptor utiliza una taquilla individual con cerradura tradicional, deber\u00e1 obtener un candado para poder cerrarla. El candado es y seguir\u00e1 siendo propiedad del Suscriptor. La taquilla utilizada por el Suscriptor se considera un pr\u00e9stamo gratuito durante la duraci\u00f3n de la sesi\u00f3n. Se recuerda expresamente al Suscriptor que los vestuarios no est\u00e1n sometidos a ninguna vigilancia espec\u00edfica, por lo que se le aconseja no guardar en ellos objetos de valor. El Abonado no podr\u00e1 responsabilizar a CLARK POWELL en caso de robo, vandalismo, p\u00e9rdida o deterioro de su veh\u00edculo en los aparcamientos que puedan ponerse a su disposici\u00f3n. Est\u00e1 terminantemente prohibido dejar objetos personales en las taquillas despu\u00e9s de abandonar el club. Cada noche, se cortar\u00e1n sistem\u00e1ticamente las cerraduras sin que el socio pueda reclamar indemnizaci\u00f3n alguna.       <br\/><\/p>\n\n<h2 class=\"wp-block-heading\"><strong>7. Rescisi\u00f3n y no renovaci\u00f3n del contrato :<\/strong><\/h2>\n\n<p>7.1. Por iniciativa del Suscriptor :<br\/> El contrato puede rescindirse en cualquier momento por iniciativa del Suscriptor. El Suscriptor tiene derecho a rescindir unilateralmente el contrato mediante carta certificada con acuse de recibo (enviada a la direcci\u00f3n del club de inscripci\u00f3n) a partir del 2\u00ba mes de suscripci\u00f3n, una vez liquidados los pagos pendientes. El plazo de preaviso es de 30 d\u00edas, a contar desde el primer d\u00eda del mes siguiente al env\u00edo de la carta certificada. Para ser definitivamente v\u00e1lida, la baja por iniciativa del socio debe ir seguida, al final de los 30 (treinta) d\u00edas que comienzan el primer d\u00eda del mes siguiente, de la devoluci\u00f3n del carn\u00e9 de socio al club de origen. En su defecto, se seguir\u00e1n realizando domiciliaciones bancarias hasta la devoluci\u00f3n de la tarjeta de acceso de socio.    <br\/>  7.2. Iniciado por el Club :<br\/>  El Club dispone de un derecho de rescisi\u00f3n unilateral que puede ejercer por carta certificada con acuse de recibo, con un preaviso de un mes. El Suscriptor deber\u00e1 entonces devolver la tarjeta de suscripci\u00f3n al Club a m\u00e1s tardar al final del mes de preaviso contractualmente debido y que ser\u00e1 objeto de una domiciliaci\u00f3n bancaria (o del cobro de un cheque). Adem\u00e1s, el abono podr\u00e1 ser rescindido por el Club sin preaviso ni indemnizaci\u00f3n si la actitud, el comportamiento o la vestimenta del Abonado son contrarios a las buenas costumbres, o perturban el buen desarrollo de las actividades o el orden p\u00fablico, o causan molestias graves a otros Abonados, o no respetan el presente contrato o el reglamento interno del Club. Este derecho de rescisi\u00f3n autom\u00e1tica deber\u00e1 ir precedido de un debate contradictorio con el Abonado, durante el cual \u00e9ste tendr\u00e1 la oportunidad de impugnar la medida y justificar su comportamiento. El abono se rescindir\u00e1 (una vez liquidados los pagos pendientes) si al Club no le convencen las razones aducidas por el Suscriptor. No obstante, si la decisi\u00f3n de rescindir el abono tomada por el Club no es aceptable para el Suscriptor, \u00e9ste podr\u00e1 recurrir a la mediaci\u00f3n de conformidad con el art\u00edculo L 612-1 del C\u00f3digo de Consumo franc\u00e9s.<\/p>\n\n<h2 class=\"wp-block-heading\"><strong>8. Fuerza mayor :<\/strong><\/h2>\n\n<p>El Suscriptor reconoce que el Contrato le da derecho a utilizar las instalaciones del Club y a beneficiarse de los servicios expuestos anteriormente. En caso de no utilizaci\u00f3n definitiva de este derecho por razones de fuerza mayor: por motivos de salud o profesionales o en caso de traslado (a m\u00e1s de 20 km de un centro CLARK POWELL), el Abonado podr\u00e1 solicitar la anulaci\u00f3n del Contrato por carta certificada con acuse de recibo, dirigida al Club. La anulaci\u00f3n ser\u00e1 efectiva a partir de la recepci\u00f3n de la solicitud de anulaci\u00f3n acompa\u00f1ada de la tarjeta de abono y de los documentos justificativos. Por razones de salud o profesionales, se refiere a la incapacidad definitiva del Abonado para beneficiarse de los servicios del Club. El Club se reserva el derecho de comprobar por cualquier medio la veracidad de los documentos presentados por el\/los Abonado\/s para justificar este impedimento definitivo. Por cualquier causa de impedimento no definitivo (superior a 1 (un) mes) vinculada a la salud del Suscriptor o a motivos profesionales (sin incluir las vacaciones anuales), no comprendida en los casos anteriores, el Suscriptor podr\u00e1 beneficiarse de una suspensi\u00f3n de la suscripci\u00f3n mientras dure el impedimento, con la condici\u00f3n expresa de que informe previamente al Club en un plazo m\u00e1ximo de 7 d\u00edas tras la suspensi\u00f3n y abone 5.45 al mes en concepto de gastos de gesti\u00f3n bancaria, y la suscripci\u00f3n continuar\u00e1 una vez finalizado el impedimento. En cualquier caso, al final del Periodo No Impeditivo, el Suscriptor sigue siendo libre de rescindir el Contrato a su discreci\u00f3n, de conformidad con este Art\u00edculo, una vez liquidados los pagos pendientes.<\/p>\n\n<h2 class=\"wp-block-heading\"><strong>9. Ley de protecci\u00f3n de datos y control y vigilancia :<\/strong><\/h2>\n\n<p><br\/>  El tratamiento inform\u00e1tico del fichero del Suscriptor, de conformidad con la Ley francesa de Protecci\u00f3n de Datos de 6 de enero de 1978, otorga al Suscriptor el derecho de acceso, rectificaci\u00f3n y oposici\u00f3n a los datos del fichero. Para ejercer este derecho, el Suscriptor debe ponerse en contacto con el servicio de atenci\u00f3n al cliente del Club. El Club est\u00e1 videovigilado 24 horas al d\u00eda, 7 d\u00edas a la semana. Estos datos est\u00e1n sujetos a la ley de protecci\u00f3n de datos personales y se archivan durante 30 (treinta) d\u00edas. Despu\u00e9s, el sistema inform\u00e1tico de gesti\u00f3n los elimina autom\u00e1ticamente (Ley de Protecci\u00f3n de Datos de 6 de enero de 1978, modificada en 2004).<br\/> \u200d    <\/p>\n\n<h2 class=\"wp-block-heading\"><strong>10. Art\u00edculos L.221.18 y siguientes del C\u00f3digo de Consumo relativos al derecho de desistimiento aplicable a los contratos a distancia y los contratos celebrados fuera del establecimiento:<\/strong><\/h2>\n\n<p>\u00abEl consumidor dispone de un plazo de catorce d\u00edas para ejercer su derecho de desistimiento de un contrato celebrado a distancia, previo sondeo telef\u00f3nico o fuera del establecimiento, sin tener que motivar su decisi\u00f3n ni soportar m\u00e1s gastos que los previstos en <a href=\"https:\/\/www.legifrance.gouv.fr\/affichCodeArticle.do?cidTexte=LEGITEXT000006069565&amp;idArticle=LEGIARTI000028741418&amp;dateTexte=&amp;categorieLien=cid\">los art\u00edculos L. 221-23 a L. 221-25 <\/a>(&#8230;)\u00bb. Esto no se aplica a las operaciones que duren un mes o menos. El acceso a las instalaciones durante el periodo de 14 d\u00edas se cobrar\u00e1 al precio por sesi\u00f3n, es decir, 6 (seis) euros por acceso. <\/p>\n\n<h2 class=\"wp-block-heading\"><strong>11. Litigios-Recurso :<\/strong><\/h2>\n\n<p><br\/>  En caso de litigio y\/o desacuerdo, el abonado puede ejercer su derecho a recurrir a un mediador, tal y como se establece en los art\u00edculos L-612-1 y siguientes del C\u00f3digo de Consumo franc\u00e9s, mediante la orden n\u00ba 2016-301 de 14 de marzo de 2016 art. 1 relativa a la venta de servicios (cultura, ocio, deportes). Los datos de contacto y los procedimientos a seguir se encuentran en el sitio web: <a href=\"http:\/\/www.economie.gouv.fr\/m%25C3%25A9diation-conso\">www.economie.gouv.fr\/m\u00e9diation-conso.<\/a><\/p>\n\n<p><strong>SERVICIOS ADICIONALES EXPLICACIONES<\/strong><br\/>a- Las actividades sujetas a reserva son actividades adicionales no incluidas en todos los abonos, con un n\u00famero limitado de plazas, para las que es necesario inscribirse previamente, utilizando la aplicaci\u00f3n m\u00f3vil, en el terminal de reservas o en la recepci\u00f3n del club. Se podr\u00e1 denegar el acceso a estas actividades a cualquier socio que no tenga derecho de entrada. Todas las reservas deben hacerse 2 d\u00edas antes de la clase. El club se reserva el derecho de no aceptar a un socio que no se haya inscrito previamente para una clase colectiva.   <\/p>\n\n<p>b &#8211; En el transcurso del contrato de abono, el club ofrecer\u00e1 al socio servicios espec\u00edficos, en particular clases particulares. Estos servicios adicionales no est\u00e1n incluidos en el precio de la suscripci\u00f3n. <\/p>\n","protected":false},"excerpt":{"rendered":"<p>1. Objeto del contrato : Tras visitar las instalaciones del Club y haberse familiarizado con los servicios ofrecidos, el Abonado declara haber suscrito un contrato de abono CLARK POWELL (en adelante, el \u00abContrato\u00bb) a su nombre, intransferible, que le autoriza a utilizar las instalaciones de autoservicio con acceso ilimitado dentro de los l\u00edmites del horario [&hellip;]<\/p>\n","protected":false},"author":2,"featured_media":0,"parent":0,"menu_order":0,"comment_status":"closed","ping_status":"closed","template":"","meta":{"_acf_changed":false,"footnotes":""},"class_list":["post-4489","page","type-page","status-publish","hentry"],"acf":[],"yoast_head":"<title>Condiciones de venta - Clark Powell<\/title>\n<meta name=\"description\" content=\"M\u00e1s informaci\u00f3n sobre nuestras condiciones generales de venta.\" \/>\n<meta name=\"robots\" content=\"noindex, nofollow\" \/>\n<meta property=\"og:locale\" content=\"es_ES\" \/>\n<meta property=\"og:type\" content=\"article\" \/>\n<meta property=\"og:title\" content=\"Condiciones de venta - Clark Powell\" \/>\n<meta property=\"og:description\" content=\"M\u00e1s informaci\u00f3n sobre nuestras condiciones generales de venta.\" \/>\n<meta property=\"og:url\" content=\"https:\/\/clarkpowell.ad\/es\/condiciones-de-venta\/\" \/>\n<meta property=\"og:site_name\" content=\"Clark Powell\" \/>\n<meta property=\"article:modified_time\" content=\"2025-12-15T14:18:43+00:00\" \/>\n<meta name=\"twitter:card\" content=\"summary_large_image\" \/>\n<meta name=\"twitter:label1\" content=\"Tiempo de lectura\" \/>\n\t<meta name=\"twitter:data1\" content=\"11 minutos\" \/>\n<script type=\"application\/ld+json\" class=\"yoast-schema-graph\">{\"@context\":\"https:\\\/\\\/schema.org\",\"@graph\":[{\"@type\":\"WebPage\",\"@id\":\"https:\\\/\\\/clarkpowell.ad\\\/es\\\/condiciones-de-venta\\\/\",\"url\":\"https:\\\/\\\/clarkpowell.ad\\\/es\\\/condiciones-de-venta\\\/\",\"name\":\"Condiciones de venta - Clark Powell\",\"isPartOf\":{\"@id\":\"http:\\\/\\\/clarkpowell.ad\\\/es\\\/#website\"},\"datePublished\":\"2025-05-09T09:55:43+00:00\",\"dateModified\":\"2025-12-15T14:18:43+00:00\",\"description\":\"M\u00e1s informaci\u00f3n sobre nuestras condiciones generales de venta.\",\"breadcrumb\":{\"@id\":\"https:\\\/\\\/clarkpowell.ad\\\/es\\\/condiciones-de-venta\\\/#breadcrumb\"},\"inLanguage\":\"es\",\"potentialAction\":[{\"@type\":\"ReadAction\",\"target\":[\"https:\\\/\\\/clarkpowell.ad\\\/es\\\/condiciones-de-venta\\\/\"]}]},{\"@type\":\"BreadcrumbList\",\"@id\":\"https:\\\/\\\/clarkpowell.ad\\\/es\\\/condiciones-de-venta\\\/#breadcrumb\",\"itemListElement\":[{\"@type\":\"ListItem\",\"position\":1,\"name\":\"Accueil\",\"item\":\"http:\\\/\\\/clarkpowell.ad\\\/es\\\/\"},{\"@type\":\"ListItem\",\"position\":2,\"name\":\"Condiciones de venta\"}]},{\"@type\":\"WebSite\",\"@id\":\"http:\\\/\\\/clarkpowell.ad\\\/es\\\/#website\",\"url\":\"http:\\\/\\\/clarkpowell.ad\\\/es\\\/\",\"name\":\"Clark Powell Andorre\",\"description\":\"\",\"alternateName\":\"Clark Powell\",\"potentialAction\":[{\"@type\":\"SearchAction\",\"target\":{\"@type\":\"EntryPoint\",\"urlTemplate\":\"http:\\\/\\\/clarkpowell.ad\\\/es\\\/?s={search_term_string}\"},\"query-input\":{\"@type\":\"PropertyValueSpecification\",\"valueRequired\":true,\"valueName\":\"search_term_string\"}}],\"inLanguage\":\"es\"}]}<\/script>","yoast_head_json":{"title":"Condiciones de venta - Clark Powell","description":"M\u00e1s informaci\u00f3n sobre nuestras condiciones generales de venta.","robots":{"index":"noindex","follow":"nofollow"},"og_locale":"es_ES","og_type":"article","og_title":"Condiciones de venta - Clark Powell","og_description":"M\u00e1s informaci\u00f3n sobre nuestras condiciones generales de venta.","og_url":"https:\/\/clarkpowell.ad\/es\/condiciones-de-venta\/","og_site_name":"Clark Powell","article_modified_time":"2025-12-15T14:18:43+00:00","twitter_card":"summary_large_image","twitter_misc":{"Tiempo de lectura":"11 minutos"},"schema":{"@context":"https:\/\/schema.org","@graph":[{"@type":"WebPage","@id":"https:\/\/clarkpowell.ad\/es\/condiciones-de-venta\/","url":"https:\/\/clarkpowell.ad\/es\/condiciones-de-venta\/","name":"Condiciones de venta - Clark Powell","isPartOf":{"@id":"http:\/\/clarkpowell.ad\/es\/#website"},"datePublished":"2025-05-09T09:55:43+00:00","dateModified":"2025-12-15T14:18:43+00:00","description":"M\u00e1s informaci\u00f3n sobre nuestras condiciones generales de venta.","breadcrumb":{"@id":"https:\/\/clarkpowell.ad\/es\/condiciones-de-venta\/#breadcrumb"},"inLanguage":"es","potentialAction":[{"@type":"ReadAction","target":["https:\/\/clarkpowell.ad\/es\/condiciones-de-venta\/"]}]},{"@type":"BreadcrumbList","@id":"https:\/\/clarkpowell.ad\/es\/condiciones-de-venta\/#breadcrumb","itemListElement":[{"@type":"ListItem","position":1,"name":"Accueil","item":"http:\/\/clarkpowell.ad\/es\/"},{"@type":"ListItem","position":2,"name":"Condiciones de venta"}]},{"@type":"WebSite","@id":"http:\/\/clarkpowell.ad\/es\/#website","url":"http:\/\/clarkpowell.ad\/es\/","name":"Clark Powell Andorre","description":"","alternateName":"Clark Powell","potentialAction":[{"@type":"SearchAction","target":{"@type":"EntryPoint","urlTemplate":"http:\/\/clarkpowell.ad\/es\/?s={search_term_string}"},"query-input":{"@type":"PropertyValueSpecification","valueRequired":true,"valueName":"search_term_string"}}],"inLanguage":"es"}]}},"_links":{"self":[{"href":"https:\/\/clarkpowell.ad\/es\/wp-json\/wp\/v2\/pages\/4489","targetHints":{"allow":["GET"]}}],"collection":[{"href":"https:\/\/clarkpowell.ad\/es\/wp-json\/wp\/v2\/pages"}],"about":[{"href":"https:\/\/clarkpowell.ad\/es\/wp-json\/wp\/v2\/types\/page"}],"author":[{"embeddable":true,"href":"https:\/\/clarkpowell.ad\/es\/wp-json\/wp\/v2\/users\/2"}],"replies":[{"embeddable":true,"href":"https:\/\/clarkpowell.ad\/es\/wp-json\/wp\/v2\/comments?post=4489"}],"version-history":[{"count":1,"href":"https:\/\/clarkpowell.ad\/es\/wp-json\/wp\/v2\/pages\/4489\/revisions"}],"predecessor-version":[{"id":8308,"href":"https:\/\/clarkpowell.ad\/es\/wp-json\/wp\/v2\/pages\/4489\/revisions\/8308"}],"wp:attachment":[{"href":"https:\/\/clarkpowell.ad\/es\/wp-json\/wp\/v2\/media?parent=4489"}],"curies":[{"name":"wp","href":"https:\/\/api.w.org\/{rel}","templated":true}]}}