{"id":4872,"date":"2025-07-16T16:16:57","date_gmt":"2025-07-16T14:16:57","guid":{"rendered":"https:\/\/clarkpowell.fr\/como-empezar\/"},"modified":"2026-03-10T12:18:09","modified_gmt":"2026-03-10T11:18:09","slug":"como-empezar","status":"publish","type":"page","link":"https:\/\/clarkpowell.ad\/es\/como-empezar\/","title":{"rendered":"C\u00f3mo empezar"},"content":{"rendered":"","protected":false},"excerpt":{"rendered":"","protected":false},"author":2,"featured_media":0,"parent":0,"menu_order":0,"comment_status":"closed","ping_status":"closed","template":"page-debuter.php","meta":{"_acf_changed":false,"footnotes":""},"class_list":["post-4872","page","type-page","status-publish","hentry"],"acf":[],"yoast_head":"<title>C\u00f3mo empezar - Clark Powell<\/title>\n<meta name=\"description\" content=\"Descubre c\u00f3mo empezar con Clark Powell: inscripci\u00f3n sencilla, apoyo personalizado y las primeras sesiones guiadas para ayudarte a conseguir tus objetivos.\" \/>\n<meta name=\"robots\" content=\"index, follow, max-snippet:-1, max-image-preview:large, max-video-preview:-1\" \/>\n<link rel=\"canonical\" href=\"https:\/\/clarkpowell.ad\/es\/como-empezar\/\" \/>\n<meta property=\"og:locale\" content=\"es_ES\" \/>\n<meta property=\"og:type\" content=\"article\" \/>\n<meta property=\"og:title\" content=\"C\u00f3mo empezar - Clark Powell\" \/>\n<meta property=\"og:description\" content=\"Descubre c\u00f3mo empezar con Clark Powell: inscripci\u00f3n sencilla, apoyo personalizado y las primeras sesiones guiadas para ayudarte a conseguir tus objetivos.\" \/>\n<meta property=\"og:url\" content=\"https:\/\/clarkpowell.ad\/es\/como-empezar\/\" \/>\n<meta property=\"og:site_name\" content=\"Clark Powell\" \/>\n<meta property=\"article:modified_time\" content=\"2026-03-10T11:18:09+00:00\" \/>\n<meta name=\"twitter:card\" content=\"summary_large_image\" \/>\n<script type=\"application\/ld+json\" class=\"yoast-schema-graph\">{\"@context\":\"https:\\\/\\\/schema.org\",\"@graph\":[{\"@type\":\"WebPage\",\"@id\":\"https:\\\/\\\/clarkpowell.ad\\\/es\\\/como-empezar\\\/\",\"url\":\"https:\\\/\\\/clarkpowell.ad\\\/es\\\/como-empezar\\\/\",\"name\":\"C\u00f3mo empezar - Clark Powell\",\"isPartOf\":{\"@id\":\"http:\\\/\\\/clarkpowell.ad\\\/es\\\/#website\"},\"datePublished\":\"2025-07-16T14:16:57+00:00\",\"dateModified\":\"2026-03-10T11:18:09+00:00\",\"description\":\"Descubre c\u00f3mo empezar con Clark Powell: inscripci\u00f3n sencilla, apoyo personalizado y las primeras sesiones guiadas para ayudarte a conseguir tus objetivos.\",\"breadcrumb\":{\"@id\":\"https:\\\/\\\/clarkpowell.ad\\\/es\\\/como-empezar\\\/#breadcrumb\"},\"inLanguage\":\"es\",\"potentialAction\":[{\"@type\":\"ReadAction\",\"target\":[\"https:\\\/\\\/clarkpowell.ad\\\/es\\\/como-empezar\\\/\"]}]},{\"@type\":\"BreadcrumbList\",\"@id\":\"https:\\\/\\\/clarkpowell.ad\\\/es\\\/como-empezar\\\/#breadcrumb\",\"itemListElement\":[{\"@type\":\"ListItem\",\"position\":1,\"name\":\"Accueil\",\"item\":\"http:\\\/\\\/clarkpowell.ad\\\/es\\\/\"},{\"@type\":\"ListItem\",\"position\":2,\"name\":\"C\u00f3mo empezar\"}]},{\"@type\":\"WebSite\",\"@id\":\"http:\\\/\\\/clarkpowell.ad\\\/es\\\/#website\",\"url\":\"http:\\\/\\\/clarkpowell.ad\\\/es\\\/\",\"name\":\"Clark Powell Andorre\",\"description\":\"\",\"alternateName\":\"Clark Powell\",\"potentialAction\":[{\"@type\":\"SearchAction\",\"target\":{\"@type\":\"EntryPoint\",\"urlTemplate\":\"http:\\\/\\\/clarkpowell.ad\\\/es\\\/?s={search_term_string}\"},\"query-input\":{\"@type\":\"PropertyValueSpecification\",\"valueRequired\":true,\"valueName\":\"search_term_string\"}}],\"inLanguage\":\"es\"}]}<\/script>","yoast_head_json":{"title":"C\u00f3mo empezar - Clark Powell","description":"Descubre c\u00f3mo empezar con Clark Powell: inscripci\u00f3n sencilla, apoyo personalizado y las primeras sesiones guiadas para ayudarte a conseguir tus objetivos.","robots":{"index":"index","follow":"follow","max-snippet":"max-snippet:-1","max-image-preview":"max-image-preview:large","max-video-preview":"max-video-preview:-1"},"canonical":"https:\/\/clarkpowell.ad\/es\/como-empezar\/","og_locale":"es_ES","og_type":"article","og_title":"C\u00f3mo empezar - Clark Powell","og_description":"Descubre c\u00f3mo empezar con Clark Powell: inscripci\u00f3n sencilla, apoyo personalizado y las primeras sesiones guiadas para ayudarte a conseguir tus objetivos.","og_url":"https:\/\/clarkpowell.ad\/es\/como-empezar\/","og_site_name":"Clark Powell","article_modified_time":"2026-03-10T11:18:09+00:00","twitter_card":"summary_large_image","schema":{"@context":"https:\/\/schema.org","@graph":[{"@type":"WebPage","@id":"https:\/\/clarkpowell.ad\/es\/como-empezar\/","url":"https:\/\/clarkpowell.ad\/es\/como-empezar\/","name":"C\u00f3mo empezar - Clark Powell","isPartOf":{"@id":"http:\/\/clarkpowell.ad\/es\/#website"},"datePublished":"2025-07-16T14:16:57+00:00","dateModified":"2026-03-10T11:18:09+00:00","description":"Descubre c\u00f3mo empezar con Clark Powell: inscripci\u00f3n sencilla, apoyo personalizado y las primeras sesiones guiadas para ayudarte a conseguir tus objetivos.","breadcrumb":{"@id":"https:\/\/clarkpowell.ad\/es\/como-empezar\/#breadcrumb"},"inLanguage":"es","potentialAction":[{"@type":"ReadAction","target":["https:\/\/clarkpowell.ad\/es\/como-empezar\/"]}]},{"@type":"BreadcrumbList","@id":"https:\/\/clarkpowell.ad\/es\/como-empezar\/#breadcrumb","itemListElement":[{"@type":"ListItem","position":1,"name":"Accueil","item":"http:\/\/clarkpowell.ad\/es\/"},{"@type":"ListItem","position":2,"name":"C\u00f3mo empezar"}]},{"@type":"WebSite","@id":"http:\/\/clarkpowell.ad\/es\/#website","url":"http:\/\/clarkpowell.ad\/es\/","name":"Clark Powell Andorre","description":"","alternateName":"Clark Powell","potentialAction":[{"@type":"SearchAction","target":{"@type":"EntryPoint","urlTemplate":"http:\/\/clarkpowell.ad\/es\/?s={search_term_string}"},"query-input":{"@type":"PropertyValueSpecification","valueRequired":true,"valueName":"search_term_string"}}],"inLanguage":"es"}]}},"_links":{"self":[{"href":"https:\/\/clarkpowell.ad\/es\/wp-json\/wp\/v2\/pages\/4872","targetHints":{"allow":["GET"]}}],"collection":[{"href":"https:\/\/clarkpowell.ad\/es\/wp-json\/wp\/v2\/pages"}],"about":[{"href":"https:\/\/clarkpowell.ad\/es\/wp-json\/wp\/v2\/types\/page"}],"author":[{"embeddable":true,"href":"https:\/\/clarkpowell.ad\/es\/wp-json\/wp\/v2\/users\/2"}],"replies":[{"embeddable":true,"href":"https:\/\/clarkpowell.ad\/es\/wp-json\/wp\/v2\/comments?post=4872"}],"version-history":[{"count":1,"href":"https:\/\/clarkpowell.ad\/es\/wp-json\/wp\/v2\/pages\/4872\/revisions"}],"predecessor-version":[{"id":16126,"href":"https:\/\/clarkpowell.ad\/es\/wp-json\/wp\/v2\/pages\/4872\/revisions\/16126"}],"wp:attachment":[{"href":"https:\/\/clarkpowell.ad\/es\/wp-json\/wp\/v2\/media?parent=4872"}],"curies":[{"name":"wp","href":"https:\/\/api.w.org\/{rel}","templated":true}]}}