{"id":5154,"date":"2025-05-06T17:23:36","date_gmt":"2025-05-06T15:23:36","guid":{"rendered":"https:\/\/clarkpowell.fr\/informacion-legal\/"},"modified":"2025-12-15T15:16:53","modified_gmt":"2025-12-15T14:16:53","slug":"informacion-legal","status":"publish","type":"page","link":"https:\/\/clarkpowell.ad\/es\/informacion-legal\/","title":{"rendered":"Informaci\u00f3n legal"},"content":{"rendered":"<div class=\"text is--light\"><strong>ART\u00cdCULO 1. MENCIONES LEGALES<br \/>\n<\/strong>\u200dDe conformidad con el art\u00edculo 6 de la Ley n\u00ba 2004-575, de 21 de junio de 2004, sobre la confianza en la econom\u00eda digital, modificada por el art\u00edculo 1 de la Ley n\u00ba 2016-444, de 13 de abril de 2016, los usuarios del sitio web clarkpowell.fr la identidad de las distintas partes implicadas en su creaci\u00f3n y seguimiento:<\/p>\n<p>Propietario y creador del sitio web mencionado::<br \/>\nLaur-Wenz LALLEMENT \/ CLARK POWELL FRANCE<br \/>\nCapital Social : 5 000 euros<br \/>\n69, rue du Poumpidou \u2013 34480 JUVIGNAC<br \/>\nN\u00famero de IVA intracomunitario:\u00a0FR52921378634<\/p>\n<p>Jefe de publicaci\u00f3n: Monsieur Laur-Wenz LALLEMENT<br \/>\nCorreo electr\u00f3nico:\u00a0contact@clarkpowell.fr<br \/>\nJefe t\u00e9cnico:\u00a0<a href=\"https:\/\/spktr.fr\/\">SPKTR<\/a><\/p>\n<p>Proveedor de desarrollo del sitio: <a href=\"https:\/\/spktr.fr\/\">SPKTR<\/a><br \/>\nHosting del sitio: OVH\u2013 2 Rue Kellermann\u2013 59100 Roubaix<\/div>\n<div class=\"text is--light\">Tel\u00e9fono: 08 203 203 63<\/div>\n<div class=\"text is--light\">N\u00ba de registro en la CNIL: Exenci\u00f3n n\u00ba 7<br \/>\n\u200d<br \/>\n<strong>ART\u00cdCULO 2: CONDICIONES GENERALES DE USO<br \/>\n\u200d<\/strong>Las presentes Condiciones Generales tienen por objeto definir los t\u00e9rminos y condiciones bajo los cuales se ponen a disposici\u00f3n los servicios del sitio clarkpowell.fr. El uso del sitio clarkpowell.fr implica la aceptaci\u00f3n plena y completa de las condiciones generales de uso descritas a continuaci\u00f3n.Cualquier acceso y\/o uso del sitio clarkpowell.fr implica la aceptaci\u00f3n y el cumplimiento de todos los t\u00e9rminos de estas Condiciones y su aceptaci\u00f3n incondicional. Si el Usuario no desea aceptar la totalidad o parte de las presentes Condiciones, se le ruega que se abstenga de utilizar el Servicio.clarkpowell.fr es actualizado regularmente por YOUNEAT. Del mismo modo, los avisos legales pueden modificarse en cualquier momento: no obstante, son vinculantes para el Usuario, a quien se invita a consultarlos con la mayor frecuencia posible para revisarlos.<br \/>\n\u200d<br \/>\n<strong>ART\u00cdCULO 3: DESCRIPCI\u00d3N DE LOS SERVICIOS PRESTADOS<br \/>\n\u200d<\/strong>El sitio web clarkpowell.fr tiene por objeto proporcionar informaci\u00f3n relativa al conjunto de las actividades de la sociedad CLARK POWELL FRANCE y de su red de gimnasios bajo la marca \u00abCLARK POWELL\u00bb. La sociedad CLARK POWELL FRANCE se esfuerza por proporcionar en el sitio web clarkpowell.fr una informaci\u00f3n lo m\u00e1s exacta posible. No obstante, no podr\u00e1 ser considerada responsable de las omisiones, inexactitudes o lagunas en la actualizaci\u00f3n, ya sean imputables a ella misma o a terceros que le proporcionen dicha informaci\u00f3n.Toda la informaci\u00f3n proporcionada en el sitio web clarkpowell.fr se facilita a t\u00edtulo informativo y est\u00e1 sujeta a cambios. Adem\u00e1s, la informaci\u00f3n del sitio web clarkpowell.fr no es exhaustiva. Est\u00e1 sujeta a cambios desde su puesta en l\u00ednea.<br \/>\n\u200d<br \/>\n<strong>ART\u00cdCULO 4: PROPIEDAD INTELECTUAL Y FALSIFICACI\u00d3N<br \/>\n\u200d<\/strong>CLARK POWELL FRANCE es propietaria de los derechos de propiedad intelectual o titular de los derechos de uso sobre todos los elementos accesibles en el sitio, en particular los textos, im\u00e1genes, gr\u00e1ficos, logotipos, iconos, sonidos y software\u00bb CLARK POWELL \u00bb es una marca registrada perteneciente a CLARK POWELL FRANCE. CLARK POWELL\u00bb es una marca registrada perteneciente a CLARK POWELL FRANCE. Queda prohibida toda reproducci\u00f3n, representaci\u00f3n, modificaci\u00f3n, publicaci\u00f3n, adaptaci\u00f3n de la totalidad o parte de los elementos del sitio, sea cual sea el medio o procedimiento utilizado, salvo autorizaci\u00f3n previa por escrito de CLARK POWELL FRANCE. Toda utilizaci\u00f3n no autorizada del sitio o de cualquiera de los elementos que contiene se considerar\u00e1 constitutiva de falsificaci\u00f3n y ser\u00e1 perseguida de conformidad con las disposiciones de los art\u00edculos L.335-2 y siguientes del C\u00f3digo franc\u00e9s de la Propiedad Intelectual.<br \/>\n\u200d<br \/>\n<strong>ART\u00cdCULO 5: LIMITACIONES DE RESPONSABILIDAD<br \/>\n\u200d<\/strong>Encaso de que se permita a los usuarios publicar contenidos en este sitio, CLARK POWELL FRANCIA se reserva el derecho a eliminar, sin previo aviso, cualquier contenido publicado que contravenga la legislaci\u00f3n aplicable en Francia, en particular las disposiciones relativas a la protecci\u00f3n de datos. En su caso, CLARK POWELL FRANCE tambi\u00e9n se reserva el derecho de exigir responsabilidades civiles y\/o penales al usuario, especialmente en caso de mensajes de car\u00e1cter racista, insultante, difamatorio o pornogr\u00e1fico, independientemente del medio utilizado (texto, fotograf\u00edas, etc.).<br \/>\n\u200d<br \/>\n<strong>ART\u00cdCULO 6: GESTI\u00d3N DE LOS DATOS PERSONALES<br \/>\n<\/strong>\u200dEn Francia, los datos personales est\u00e1n protegidos en particular por la ley n\u00ba 78-87 de 6 de enero de 1978, la ley n\u00ba 2004-801 de 6 de agosto de 2004, el art\u00edculo L. 226-13 del C\u00f3digo Penal y la Directiva Europea de 24 de octubre de 1995.<br \/>\n\u200d<br \/>\n<strong>7. ENLACES DE HIPERTEXTO, COOKIES Y GEOLOCALIZACI\u00d3N<br \/>\n\u200d<\/strong>La navegaci\u00f3n por el sitio web CLARKPOWELL.fr puede dar lugar a la instalaci\u00f3n de cookie(s) en el ordenador del usuario. Una cookie es un peque\u00f1o archivo que no permite identificar al usuario, pero que registra informaci\u00f3n relativa a la navegaci\u00f3n de un ordenador en un sitio. Los datos obtenidos de este modo est\u00e1n destinados a facilitar la navegaci\u00f3n posterior por el sitio, y tambi\u00e9n se utilizan para medir el n\u00famero de visitantes del sitio.Negarse a instalar una cookie puede imposibilitar el acceso a determinados servicios. No obstante, el usuario puede configurar su ordenador de la siguiente manera para rechazar la instalaci\u00f3n de cookies: Internet Explorer: pesta\u00f1a Herramientas (icono en forma de rueda en la parte superior derecha) \/ Opciones de Internet. Haz clic en Confidencialidad y elige Bloquear todas las cookies. Confirma con Ok.<br \/>\nFirefox: en la parte superior de la ventana del navegador, haz clic en el bot\u00f3n Firefox, luego ve a la pesta\u00f1a Opciones. Haz clic en la pesta\u00f1a Privacidad. Establece las Reglas de retenci\u00f3n en: utilizar una configuraci\u00f3n personalizada para el historial. Por \u00faltimo, desmarca la casilla para desactivar las cookies.<br \/>\nEn Safari: haz clic en el icono de men\u00fa (simbolizado por una rueda dentada) situado en la esquina superior derecha del navegador. Selecciona Ajustes. Haz clic en Mostrar configuraci\u00f3n avanzada. En la secci\u00f3n \u00abConfidencialidad\u00bb, haz clic en \u00abConfiguraci\u00f3n de contenido\u00bb. En la secci\u00f3n \u00abCookies\u00bb, puedes bloquear las cookies.<br \/>\nEn Chrome: Haz clic en el icono de men\u00fa (simbolizado por tres l\u00edneas horizontales) en la esquina superior derecha del navegador. Selecciona Configuraci\u00f3n. Haz clic en Mostrar configuraci\u00f3n avanzada. En la secci\u00f3n \u00abConfidencialidad\u00bb, haz clic en Preferencias. El sitio web clarkpowell.fr puede adaptar parte de su contenido en funci\u00f3n de la presunta localizaci\u00f3n geogr\u00e1fica del visitante. La informaci\u00f3n de geolocalizaci\u00f3n es proporcionada por terceros en funci\u00f3n del lugar desde el que el usuario se conecta al sitio. En ning\u00fan caso se almacena ni se utiliza.<br \/>\n\u200d<br \/>\n<strong>ART\u00cdCULO 8<\/strong><strong>ALOJAMIENTO DE CONTENIDOS PROPORCIONADOS POR TERCEROS<br \/>\n<\/strong>\u200dAlgunas secciones de este sitio, y en particular las p\u00e1ginas de los Clubes, son espacios gestionados libremente por cada operador independiente del Club en cuesti\u00f3n. Los operadores de nuestros clubes tambi\u00e9n pueden publicar en este sitio promociones, informaci\u00f3n, publicidad y otros avisos relacionados con sus operaciones y su zona de influencia.Se llama la atenci\u00f3n del usuario de Internet sobre el hecho de que cada club est\u00e1 gestionado por un operador independiente. Por lo tanto, CLARK POWELL FRANCE s\u00f3lo es el anfitri\u00f3n de un contenido producido por un tercero que no controla. Si durante el uso de estas p\u00e1ginas se propusieran contenidos ilegales, err\u00f3neos o incompletos, s\u00f3lo podr\u00eda comprometerse la responsabilidad del autor de la p\u00e1gina incriminada y no la de la empresa CLARK POWELL FRANCE.La responsabilidad de la empresa CLARK POWELL FRANCE s\u00f3lo podr\u00eda comprometerse en el caso de que tuviera conocimiento de los contenidos y de que le fuera t\u00e9cnicamente posible impedir el uso de este sitio si los contenidos son contrarios a la ley.<br \/>\n\u200d<br \/>\n<strong>ART\u00cdCULO 9<\/strong><strong>TARIFAS EXPUESTAS<br \/>\n<\/strong>\u200dLas tarifas expuestas en este sitio web est\u00e1n disponibles en los clubes participantes, sujetas a las condiciones expuestas en el club.El contrato de abono \u00abCLARK POWELL FRANCE\u00bb es un contrato de abono indefinido sin periodo de compromiso. La suscripci\u00f3n se renueva por acuerdo t\u00e1cito mensualmente. El miembro debe abonar la cantidad de 5 euros, IVA incluido, en concepto de cuota de identificaci\u00f3n, luego 39 euros, IVA incluido, al mes en concepto de abono explorador o 49 euros, IVA incluido, al mes en concepto de abono viajero. Los precios est\u00e1n sujetos a cambios. Se precisa que los operadores franquiciados o autorizados de la marca \u00abCLARK POWELL\u00bb son independientes desde el punto de vista jur\u00eddico y patrimonial. Se precisa que las condiciones generales de venta comercializadas en la red \u00abCLARK POWELL\u00bb no son id\u00e9nticas de un club a otro. Por lo tanto, es aconsejable dirigirse directamente al club de tu elecci\u00f3n para conocer las condiciones generales de venta.<\/div>\n<div><\/div>\n<div class=\"text is--light\"><strong>ART\u00cdCULO 10. LEY APLICABLE Y ATRIBUCI\u00d3N DE LA JURISDICCI\u00d3N\u200d<\/strong><\/div>\n<div class=\"text is--light\">Lasnormas de derecho aplicables al contenido y a la transmisi\u00f3n de datos en y alrededor del sitio clarkpowell.fr est\u00e1n determinadas por el derecho franc\u00e9s. En caso de litigio que no pueda resolverse de forma amistosa, s\u00f3lo ser\u00e1n competentes los tribunales franceses de la jurisdicci\u00f3n de Toulouse.<br \/>\n\u200d<br \/>\n<strong>ART\u00cdCULO 11. LEXICON<br \/>\n<\/strong>\u200dContrato de suscripci\u00f3n \/ Condiciones generales de venta: es el contrato comercializado por los clubes de la red a sus miembros.Usuario: internauta que se conecta, utilizando el sitio antes mencionado.Informaci\u00f3n personal: \u00abinformaci\u00f3n que permite, en cualquier forma, directa o indirectamente, la identificaci\u00f3n de las personas f\u00edsicas a las que se aplica\u00bb (art\u00edculo 4 de la ley n\u00ba 78-17 de 6 de enero de 1978).<br \/>\n\u200d<br \/>\n<strong>ART\u00cdCULO 12. CONTACTO<br \/>\n<\/strong>\u200dCLARK POWELL Francia<br \/>\n69, rue du Poumpidou 34980 JUVIGNAC<br \/>\nCorreo electr\u00f3nico: contact@clarkpowell.fr<\/div>\n","protected":false},"excerpt":{"rendered":"<p>ART\u00cdCULO 1. MENCIONES LEGALES \u200dDe conformidad con el art\u00edculo 6 de la Ley n\u00ba 2004-575, de 21 de junio de 2004, sobre la confianza en la econom\u00eda digital, modificada por el art\u00edculo 1 de la Ley n\u00ba 2016-444, de 13 de abril de 2016, los usuarios del sitio web clarkpowell.fr la identidad de las distintas [&hellip;]<\/p>\n","protected":false},"author":2,"featured_media":0,"parent":0,"menu_order":0,"comment_status":"closed","ping_status":"closed","template":"","meta":{"_acf_changed":false,"footnotes":""},"class_list":["post-5154","page","type-page","status-publish","hentry"],"acf":[],"yoast_head":"<title>Informaci\u00f3n legal - Clark Powell<\/title>\n<meta name=\"description\" content=\"Descubre nuestros avisos legales.\" \/>\n<meta name=\"robots\" content=\"noindex, nofollow\" \/>\n<meta property=\"og:locale\" content=\"es_ES\" \/>\n<meta property=\"og:type\" content=\"article\" \/>\n<meta property=\"og:title\" content=\"Informaci\u00f3n legal - Clark Powell\" \/>\n<meta property=\"og:description\" content=\"Descubre nuestros avisos legales.\" \/>\n<meta property=\"og:url\" content=\"https:\/\/clarkpowell.ad\/es\/informacion-legal\/\" \/>\n<meta property=\"og:site_name\" content=\"Clark Powell\" \/>\n<meta property=\"article:modified_time\" content=\"2025-12-15T14:16:53+00:00\" \/>\n<meta name=\"twitter:card\" content=\"summary_large_image\" \/>\n<meta name=\"twitter:label1\" content=\"Tiempo de lectura\" \/>\n\t<meta name=\"twitter:data1\" content=\"8 minutos\" \/>\n<script type=\"application\/ld+json\" class=\"yoast-schema-graph\">{\"@context\":\"https:\\\/\\\/schema.org\",\"@graph\":[{\"@type\":\"WebPage\",\"@id\":\"https:\\\/\\\/clarkpowell.ad\\\/es\\\/informacion-legal\\\/\",\"url\":\"https:\\\/\\\/clarkpowell.ad\\\/es\\\/informacion-legal\\\/\",\"name\":\"Informaci\u00f3n legal - Clark Powell\",\"isPartOf\":{\"@id\":\"http:\\\/\\\/clarkpowell.ad\\\/es\\\/#website\"},\"datePublished\":\"2025-05-06T15:23:36+00:00\",\"dateModified\":\"2025-12-15T14:16:53+00:00\",\"description\":\"Descubre nuestros avisos legales.\",\"breadcrumb\":{\"@id\":\"https:\\\/\\\/clarkpowell.ad\\\/es\\\/informacion-legal\\\/#breadcrumb\"},\"inLanguage\":\"es\",\"potentialAction\":[{\"@type\":\"ReadAction\",\"target\":[\"https:\\\/\\\/clarkpowell.ad\\\/es\\\/informacion-legal\\\/\"]}]},{\"@type\":\"BreadcrumbList\",\"@id\":\"https:\\\/\\\/clarkpowell.ad\\\/es\\\/informacion-legal\\\/#breadcrumb\",\"itemListElement\":[{\"@type\":\"ListItem\",\"position\":1,\"name\":\"Accueil\",\"item\":\"http:\\\/\\\/clarkpowell.ad\\\/es\\\/\"},{\"@type\":\"ListItem\",\"position\":2,\"name\":\"Informaci\u00f3n legal\"}]},{\"@type\":\"WebSite\",\"@id\":\"http:\\\/\\\/clarkpowell.ad\\\/es\\\/#website\",\"url\":\"http:\\\/\\\/clarkpowell.ad\\\/es\\\/\",\"name\":\"Clark Powell Andorre\",\"description\":\"\",\"alternateName\":\"Clark Powell\",\"potentialAction\":[{\"@type\":\"SearchAction\",\"target\":{\"@type\":\"EntryPoint\",\"urlTemplate\":\"http:\\\/\\\/clarkpowell.ad\\\/es\\\/?s={search_term_string}\"},\"query-input\":{\"@type\":\"PropertyValueSpecification\",\"valueRequired\":true,\"valueName\":\"search_term_string\"}}],\"inLanguage\":\"es\"}]}<\/script>","yoast_head_json":{"title":"Informaci\u00f3n legal - Clark Powell","description":"Descubre nuestros avisos legales.","robots":{"index":"noindex","follow":"nofollow"},"og_locale":"es_ES","og_type":"article","og_title":"Informaci\u00f3n legal - Clark Powell","og_description":"Descubre nuestros avisos legales.","og_url":"https:\/\/clarkpowell.ad\/es\/informacion-legal\/","og_site_name":"Clark Powell","article_modified_time":"2025-12-15T14:16:53+00:00","twitter_card":"summary_large_image","twitter_misc":{"Tiempo de lectura":"8 minutos"},"schema":{"@context":"https:\/\/schema.org","@graph":[{"@type":"WebPage","@id":"https:\/\/clarkpowell.ad\/es\/informacion-legal\/","url":"https:\/\/clarkpowell.ad\/es\/informacion-legal\/","name":"Informaci\u00f3n legal - Clark Powell","isPartOf":{"@id":"http:\/\/clarkpowell.ad\/es\/#website"},"datePublished":"2025-05-06T15:23:36+00:00","dateModified":"2025-12-15T14:16:53+00:00","description":"Descubre nuestros avisos legales.","breadcrumb":{"@id":"https:\/\/clarkpowell.ad\/es\/informacion-legal\/#breadcrumb"},"inLanguage":"es","potentialAction":[{"@type":"ReadAction","target":["https:\/\/clarkpowell.ad\/es\/informacion-legal\/"]}]},{"@type":"BreadcrumbList","@id":"https:\/\/clarkpowell.ad\/es\/informacion-legal\/#breadcrumb","itemListElement":[{"@type":"ListItem","position":1,"name":"Accueil","item":"http:\/\/clarkpowell.ad\/es\/"},{"@type":"ListItem","position":2,"name":"Informaci\u00f3n legal"}]},{"@type":"WebSite","@id":"http:\/\/clarkpowell.ad\/es\/#website","url":"http:\/\/clarkpowell.ad\/es\/","name":"Clark Powell Andorre","description":"","alternateName":"Clark Powell","potentialAction":[{"@type":"SearchAction","target":{"@type":"EntryPoint","urlTemplate":"http:\/\/clarkpowell.ad\/es\/?s={search_term_string}"},"query-input":{"@type":"PropertyValueSpecification","valueRequired":true,"valueName":"search_term_string"}}],"inLanguage":"es"}]}},"_links":{"self":[{"href":"https:\/\/clarkpowell.ad\/es\/wp-json\/wp\/v2\/pages\/5154","targetHints":{"allow":["GET"]}}],"collection":[{"href":"https:\/\/clarkpowell.ad\/es\/wp-json\/wp\/v2\/pages"}],"about":[{"href":"https:\/\/clarkpowell.ad\/es\/wp-json\/wp\/v2\/types\/page"}],"author":[{"embeddable":true,"href":"https:\/\/clarkpowell.ad\/es\/wp-json\/wp\/v2\/users\/2"}],"replies":[{"embeddable":true,"href":"https:\/\/clarkpowell.ad\/es\/wp-json\/wp\/v2\/comments?post=5154"}],"version-history":[{"count":1,"href":"https:\/\/clarkpowell.ad\/es\/wp-json\/wp\/v2\/pages\/5154\/revisions"}],"predecessor-version":[{"id":8300,"href":"https:\/\/clarkpowell.ad\/es\/wp-json\/wp\/v2\/pages\/5154\/revisions\/8300"}],"wp:attachment":[{"href":"https:\/\/clarkpowell.ad\/es\/wp-json\/wp\/v2\/media?parent=5154"}],"curies":[{"name":"wp","href":"https:\/\/api.w.org\/{rel}","templated":true}]}}