{"id":114,"date":"2025-05-06T17:23:36","date_gmt":"2025-05-06T15:23:36","guid":{"rendered":"https:\/\/clark-powell.spktr.fr\/?page_id=114"},"modified":"2025-12-15T15:16:25","modified_gmt":"2025-12-15T14:16:25","slug":"mentions-legales","status":"publish","type":"page","link":"https:\/\/clarkpowell.ad\/fr\/mentions-legales\/","title":{"rendered":"Mentions l\u00e9gales"},"content":{"rendered":"<div class=\"text is--light\"><strong>ARTICLE 1. MENTIONS L\u00c9GALES<br \/>\n\u200d<\/strong>Conform\u00e9ment \u00e0 l&rsquo;article 6 de la loi n\u00b0 2004-575 du 21 juin 2004 pour la confiance dans l&rsquo;\u00e9conomie num\u00e9rique modifi\u00e9 par l\u2019article 1er de la Loi n\u00b02016-444 du 13 avril 2016, il est pr\u00e9cis\u00e9 aux utilisateurs du site clarkpowell.fr l&rsquo;identit\u00e9 des diff\u00e9rents intervenants dans le cadre de sa r\u00e9alisation et de son suivi :<\/p>\n<p>Propri\u00e9taire et cr\u00e9ateur du site internet susnomm\u00e9 :<br \/>\nLaur-Wenz LALLEMENT \/ CLARK POWELL FRANCE<br \/>\nCapital Social : 5 000 euros<br \/>\n69, rue du Poumpidou \u2013 34480 JUVIGNAC<br \/>\nNum\u00e9ro de T.V.A. Intracommunautaire : FR52921378634<\/p>\n<p>Directeur de la publication : Monsieur Laur-Wenz LALLEMENT<br \/>\nEmail : contact@clarkpowell.fr<br \/>\nResponsable technique : <a href=\"https:\/\/spktr.fr\/\">SPKTR<\/a><\/p>\n<p>Prestataire de D\u00e9veloppement site : <a href=\"https:\/\/spktr.fr\/\">SPKTR<\/a><br \/>\nH\u00e9bergeur du site : OVH\u2013 2 Rue Kellermann\u2013 59100 Roubaix<br \/>\nT\u00e9l\u00e9phone : 08 203 203 63<br \/>\nN\u00b0 d\u2019enregistrement aupr\u00e8s de la CNIL : Dispense N\u00b07<br \/>\n\u200d<br \/>\n<strong>ARTICLE 2. CONDITIONS G\u00c9N\u00c9RALES D\u2019UTILISATION<br \/>\n\u200d<\/strong>Les pr\u00e9sentes Conditions G\u00e9n\u00e9rales ont pour objet de d\u00e9finir les modalit\u00e9s de mise \u00e0 disposition des services du site clarkpowell.fr. L\u2019utilisation du site clarkpowell.fr implique l\u2019acceptation pleine et enti\u00e8re des conditions g\u00e9n\u00e9rales d\u2019utilisation ci-apr\u00e8s d\u00e9crites.Tout acc\u00e8s et\/ou Utilisation du site clarkpowell.fr suppose l&rsquo;acceptation et le respect de l&rsquo;ensemble des termes des pr\u00e9sentes Conditions et leur acceptation inconditionnelle. Dans le cas o\u00f9 l&rsquo;Utilisateur ne souhaite pas accepter tout ou partie des pr\u00e9sentes conditions g\u00e9n\u00e9rales, il lui est demand\u00e9 de renoncer \u00e0 tout usage du Service.Le site clarkpowell.fr est mis \u00e0 jour r\u00e9guli\u00e8rement par la Soci\u00e9t\u00e9 YOUNEAT. De la m\u00eame fa\u00e7on, les mentions l\u00e9gales peuvent \u00eatre modifi\u00e9es \u00e0 tout moment : elles s\u2019imposent n\u00e9anmoins \u00e0 l\u2019utilisateur qui est invit\u00e9 \u00e0 s\u2019y r\u00e9f\u00e9rer le plus souvent possible afin d\u2019en prendre connaissance.<br \/>\n\u200d<br \/>\n<strong>ARTICLE 3. DESCRIPTION DES SERVICES FOURNIS<br \/>\n\u200d<\/strong>Le site clarkpowell.fr a pour objet de fournir des informations concernant l\u2019ensemble des activit\u00e9s de sa soci\u00e9t\u00e9 CLARK POWELL FRANCE et de son r\u00e9seau de salles de sport sous la marque \u00ab CLARK POWELL\u00bb .La Soci\u00e9t\u00e9 CLARK POWELL FRANCE s\u2019efforce de fournir sur le site clarkpowell.fr des informations aussi pr\u00e9cises que possible. Toutefois, elle ne pourra \u00eatre tenue responsable des omissions, des inexactitudes et des carences dans la mise \u00e0 jour, qu\u2019elles soient de son fait ou du fait des tiers partenaires qui lui fournissent ces informations.Toutes les informations indiqu\u00e9es sur le site clarkpowell.fr sont donn\u00e9es \u00e0 titre indicatif, et sont susceptibles d\u2019\u00e9voluer. Par ailleurs, les renseignements figurant sur le site clarkpowell.fr ne sont pas exhaustifs. Ils sont donn\u00e9s sous r\u00e9serve de modifications ayant \u00e9t\u00e9 apport\u00e9es depuis leur mise en ligne.<br \/>\n\u200d<br \/>\n<strong>ARTICLE 4. PROPRI\u00c9T\u00c9 INTELLECTUELLE ET CONTREFA\u00c7ONS<br \/>\n\u200d<\/strong>La Soci\u00e9t\u00e9 CLARK POWELL FRANCE est propri\u00e9taire des droits de propri\u00e9t\u00e9 intellectuelle ou d\u00e9tient les droits d\u2019usage sur tous les \u00e9l\u00e9ments accessibles sur le site, notamment les textes, images, graphismes, logo, ic\u00f4nes, sons, logiciels.\u00ab CLARK POWELL \u00bb est une marque d\u00e9pos\u00e9e appartenant \u00e0 la Soci\u00e9t\u00e9 CLARK POWELL FRANCE .Toute reproduction, repr\u00e9sentation, modification, publication, adaptation de tout ou partie des \u00e9l\u00e9ments du site, quel que soit le moyen ou le proc\u00e9d\u00e9 utilis\u00e9, est interdite, sauf autorisation \u00e9crite pr\u00e9alable de la soci\u00e9t\u00e9 CLARK POWELL FRANCE.Toute exploitation non autoris\u00e9e du site ou de l\u2019un des \u00e9l\u00e9ments qu\u2019il contient sera consid\u00e9r\u00e9e comme constitutive d\u2019une contrefa\u00e7on et poursuivie conform\u00e9ment aux dispositions des articles L.335-2 et suivants du Code de Propri\u00e9t\u00e9 Intellectuelle.<br \/>\n\u200d<br \/>\n<strong>ARTICLE 5. LIMITATIONS DE RESPONSABILIT\u00c9<br \/>\n\u200d<\/strong>Lorsqu\u2019il est permis aux utilisateurs de d\u00e9poser du contenu sur ce site, la Soci\u00e9t\u00e9 CLARK POWELL France se r\u00e9serve le droit de supprimer, sans mise en demeure pr\u00e9alable, tout contenu d\u00e9pos\u00e9 qui contreviendrait \u00e0 la l\u00e9gislation applicable en France, en particulier aux dispositions relatives \u00e0 la protection des donn\u00e9es. Le cas \u00e9ch\u00e9ant, la Soci\u00e9t\u00e9 CLARK POWELL FRANCE se r\u00e9serve \u00e9galement la possibilit\u00e9 de mettre en cause la responsabilit\u00e9 civile et\/ou p\u00e9nale de l\u2019utilisateur, notamment en cas de message \u00e0 caract\u00e8re raciste, injurieux, diffamant, ou pornographique, quel que soit le support utilis\u00e9 (texte, photographie\u2026).<br \/>\n\u200d<br \/>\n<strong>ARTICLE 6. GESTION DES DONN\u00c9ES PERSONNELLES<br \/>\n\u200d<\/strong>En France les donn\u00e9es personnelles sont notamment prot\u00e9g\u00e9es au titre de la loi n\u00b0 78-87 du 6 janvier 1978, la loi n\u00b0 2004-801 du 6 ao\u00fbt 2004, l&rsquo;article L. 226-13 du Code p\u00e9nal et la Directive Europ\u00e9enne du 24 octobre 1995.<br \/>\n\u200d<br \/>\n<strong>7. LIENS HYPERTEXTES, COOKIES ET G\u00c9OLOCALISATION<br \/>\n\u200d<\/strong>La navigation sur le site CLARKPOWELL.fr est susceptible de provoquer l\u2019installation de cookie(s) sur l\u2019ordinateur de l\u2019utilisateur. Un cookie est un fichier de petite taille, qui ne permet pas l\u2019identification de l\u2019utilisateur, mais qui enregistre des informations relatives \u00e0 la navigation d\u2019un ordinateur sur un site. Les donn\u00e9es ainsi obtenues visent \u00e0 faciliter la navigation ult\u00e9rieure sur le site, et ont \u00e9galement vocation \u00e0 permettre diverses mesures de fr\u00e9quentation.Le refus d\u2019installation d\u2019un cookie peut entra\u00eener l\u2019impossibilit\u00e9 d\u2019acc\u00e9der \u00e0 certains services. L\u2019utilisateur peut toutefois configurer son ordinateur de la mani\u00e8re suivante, pour refuser l\u2019installation des cookies : Sous Internet Explorer : onglet outil (pictogramme en forme de rouage en haut a droite) \/ options internet. Cliquez sur Confidentialit\u00e9 et choisissez Bloquer tous les cookies. Validez sur Ok.<br \/>\nSous Firefox : en haut de la fen\u00eatre du navigateur, cliquez sur le bouton Firefox, puis aller dans l\u2019onglet Options. Cliquer sur l\u2019onglet Vie priv\u00e9e. Param\u00e9trez les R\u00e8gles de conservation sur : utiliser les param\u00e8tres personnalis\u00e9s pour l\u2019historique. Enfin d\u00e9cochez-la pour d\u00e9sactiver les cookies.<br \/>\nSous Safari : Cliquez en haut \u00e0 droite du navigateur sur le pictogramme de menu (symbolis\u00e9 par un rouage). S\u00e9lectionnez Param\u00e8tres. Cliquez sur Afficher les param\u00e8tres avanc\u00e9s. Dans la section \u00ab Confidentialit\u00e9 \u00bb, cliquez sur Param\u00e8tres de contenu. Dans la section \u00ab Cookies \u00bb, vous pouvez bloquer les cookies.<br \/>\nSous Chrome : Cliquez en haut \u00e0 droite du navigateur sur le pictogramme de menu (symbolis\u00e9 par trois lignes horizontales). S\u00e9lectionnez Param\u00e8tres. Cliquez sur Afficher les param\u00e8tres avanc\u00e9s. Dans la section \u00ab Confidentialit\u00e9 \u00bb, cliquez sur pr\u00e9f\u00e9rences. Dans l\u2019onglet \u00ab Confidentialit\u00e9 \u00bb, vous pouvez bloquer les cookies.Le site clarkpowell.fr peut \u00eatre amen\u00e9 \u00e0 adapter certains de ces contenus en fonction de la localisation g\u00e9ographique pr\u00e9sum\u00e9e du visiteur. Les informations de g\u00e9olocalisation sont fournies par des tiers en fonction du lieu d\u2019o\u00f9 l\u2019utilisateur se connecte au site. Elles ne sont en aucun cas stock\u00e9es ou exploit\u00e9es.<br \/>\n\u200d<br \/>\n<strong>ARTICLE 8. H\u00c9BERGEMENT DE CONTENUS FOURNIS PAR DES TIERS<br \/>\n\u200d<\/strong>Certaines sections de ce site et notamment les pages des clubs sont des espaces g\u00e9r\u00e9s librement par chaque exploitant ind\u00e9pendant du Club concern\u00e9. Les exploitants de nos clubs peuvent publier \u00e9galement sur ce site des promotions, informations, publicit\u00e9s et autres avis li\u00e9s \u00e0 leurs exploitations et leur zone de chalandise.L\u2019attention de l\u2019internaute est port\u00e9e sur le fait que chaque club est g\u00e9r\u00e9 par un exploitant ind\u00e9pendant. Ainsi la Soci\u00e9t\u00e9 CLARK POWELL FRANCE n\u2019est pour les contenus sp\u00e9cifiques aux clubs que l\u2019h\u00e9bergeur d\u2019un contenu produit par un tiers et qu\u2019il ne contr\u00f4le pas. La soci\u00e9t\u00e9 ne saurait \u00eatre tenue responsable du contenu et des \u00e9ventuelles modifications ult\u00e9rieures publi\u00e9es directement par ces tiers.Si des contenus ill\u00e9gaux, erron\u00e9s ou incomplets sont propos\u00e9s lors de l\u2019utilisation de ces pages, seule la responsabilit\u00e9 de l&rsquo;auteur de la page incrimin\u00e9e pourra \u00eatre engag\u00e9e et non celle de la soci\u00e9t\u00e9 CLARK POWELL FRANCE.La responsabilit\u00e9 de la Soci\u00e9t\u00e9 CLARK POWELL FRANCE pourra \u00eatre engag\u00e9e uniquement dans le cas o\u00f9 elle avait connaissance des contenus et qu&rsquo;il lui \u00e9tait techniquement possible d&#8217;emp\u00eacher l&rsquo;utilisation de ce site si les contenus sont contraires \u00e0 la loi.<br \/>\n\u200d<br \/>\n<strong>ARTICLE 9. TARIFS AFFICH\u00c9S<br \/>\n\u200d<\/strong>Les tarifs affich\u00e9s sur ce site sont disponibles dans les clubs participants, sous conditions affich\u00e9es au club.Le contrat d\u2019abonnement \u00ab CLARK POWELL FRANCE\u00bb est un contrat d\u2019abonnement \u00e0 dur\u00e9e ind\u00e9termin\u00e9e sans p\u00e9riode d\u2019engagement. L\u2019abonnement est reconduit par tacite reconduction mensuellement. L\u2019adh\u00e9rent devra acquitter la somme de 5 Euros T.T.C pour les frais de badge, puis 39 Euros T.T.C. par mois pour l\u2019abonnement explorer ou 49 Euros T.T.C. par mois pour l\u2019abonnement traveller. Les tarifs pourront \u00e9voluer. Des offres promotionnelles r\u00e9pondant aux conditions l\u00e9gales pourront \u00e9galement \u00eatre commercialis\u00e9es.Il est pr\u00e9cis\u00e9 que les Exploitants franchis\u00e9s ou licenci\u00e9s de marque \u00ab CLARK POWELL \u00bb sont ind\u00e9pendants d\u2019un point de vue juridique et capitalistique.Il est pr\u00e9cis\u00e9 que les conditions g\u00e9n\u00e9rales de vente commercialis\u00e9es dans le r\u00e9seau \u00ab CLARK POWELL \u00bb ne sont pas identiques d\u2019un club \u00e0 l\u2019autre. Il convient donc de se rendre directement dans le club de votre choix pour conna\u00eetre les conditions g\u00e9n\u00e9rales de vente.<\/div>\n<div><\/div>\n<div class=\"text is--light\"><strong>ARTICLE 10. DROIT APPLICABLE ET ATTRIBUTION DE JURIDICTION<br \/>\n\u200d<\/strong>Les r\u00e8gles en mati\u00e8re de droit, applicables aux contenus et aux transmissions de donn\u00e9es sur et autour du site clarkpowell.fr, sont d\u00e9termin\u00e9es par la loi fran\u00e7aise. En cas de litige, n&rsquo;ayant pu faire l&rsquo;objet d&rsquo;un accord \u00e0 l&rsquo;amiable, seuls les tribunaux fran\u00e7ais du ressort de la juridiction de Toulouse sont comp\u00e9tents.<br \/>\n\u200d<br \/>\n<strong>ARTICLE 11. LEXIQUE<br \/>\n\u200d<\/strong>Contrat d\u2019abonnement \/ Conditions g\u00e9n\u00e9rales de vente : il s\u2019agit du contrat commercialis\u00e9 par les clubs des r\u00e9seaux aupr\u00e8s de leurs adh\u00e9rents.Utilisateur : Internaute se connectant, utilisant le site susnomm\u00e9.Informations personnelles : \u00ab les informations qui permettent, sous quelque forme que ce soit, directement ou non, l&rsquo;identification des personnes physiques auxquelles elles s&rsquo;appliquent \u00bb (article 4 de la loi n\u00b0 78-17 du 6 janvier 1978).<br \/>\n\u200d<br \/>\n<strong>ARTICLE 12. CONTACT<br \/>\n\u200d<\/strong>CLARK POWELL France69, rue du Poumpidou34980 JUVIGNAC<br \/>\nCourriel : contact@clarkpowell.fr<\/div>\n","protected":false},"excerpt":{"rendered":"<p>ARTICLE 1. MENTIONS L\u00c9GALES \u200dConform\u00e9ment \u00e0 l&rsquo;article 6 de la loi n\u00b0 2004-575 du 21 juin 2004 pour la confiance dans l&rsquo;\u00e9conomie num\u00e9rique modifi\u00e9 par l\u2019article 1er de la Loi n\u00b02016-444 du 13 avril 2016, il est pr\u00e9cis\u00e9 aux utilisateurs du site clarkpowell.fr l&rsquo;identit\u00e9 des diff\u00e9rents intervenants dans le cadre de sa r\u00e9alisation et de [&hellip;]<\/p>\n","protected":false},"author":2,"featured_media":0,"parent":0,"menu_order":0,"comment_status":"closed","ping_status":"closed","template":"","meta":{"_acf_changed":false,"footnotes":""},"class_list":["post-114","page","type-page","status-publish","hentry"],"acf":[],"yoast_head":"<title>Mentions l\u00e9gales - Clark Powell<\/title>\n<meta name=\"description\" content=\"D\u00e9couvrez nos mentions l\u00e9gales.\" \/>\n<meta name=\"robots\" content=\"noindex, nofollow\" \/>\n<meta property=\"og:locale\" content=\"fr_FR\" \/>\n<meta property=\"og:type\" content=\"article\" \/>\n<meta property=\"og:title\" content=\"Mentions l\u00e9gales - Clark Powell\" \/>\n<meta property=\"og:description\" content=\"D\u00e9couvrez nos mentions l\u00e9gales.\" \/>\n<meta property=\"og:url\" content=\"https:\/\/clarkpowell.ad\/fr\/mentions-legales\/\" \/>\n<meta property=\"og:site_name\" content=\"Clark Powell\" \/>\n<meta property=\"article:modified_time\" content=\"2025-12-15T14:16:25+00:00\" \/>\n<meta name=\"twitter:card\" content=\"summary_large_image\" \/>\n<meta name=\"twitter:label1\" content=\"Dur\u00e9e de lecture estim\u00e9e\" \/>\n\t<meta name=\"twitter:data1\" content=\"8 minutes\" \/>\n<script type=\"application\/ld+json\" class=\"yoast-schema-graph\">{\"@context\":\"https:\\\/\\\/schema.org\",\"@graph\":[{\"@type\":\"WebPage\",\"@id\":\"https:\\\/\\\/clarkpowell.ad\\\/fr\\\/mentions-legales\\\/\",\"url\":\"https:\\\/\\\/clarkpowell.ad\\\/fr\\\/mentions-legales\\\/\",\"name\":\"Mentions l\u00e9gales - Clark Powell\",\"isPartOf\":{\"@id\":\"http:\\\/\\\/clarkpowell.ad\\\/fr\\\/#website\"},\"datePublished\":\"2025-05-06T15:23:36+00:00\",\"dateModified\":\"2025-12-15T14:16:25+00:00\",\"description\":\"D\u00e9couvrez nos mentions l\u00e9gales.\",\"breadcrumb\":{\"@id\":\"https:\\\/\\\/clarkpowell.ad\\\/fr\\\/mentions-legales\\\/#breadcrumb\"},\"inLanguage\":\"fr-FR\",\"potentialAction\":[{\"@type\":\"ReadAction\",\"target\":[\"https:\\\/\\\/clarkpowell.ad\\\/fr\\\/mentions-legales\\\/\"]}]},{\"@type\":\"BreadcrumbList\",\"@id\":\"https:\\\/\\\/clarkpowell.ad\\\/fr\\\/mentions-legales\\\/#breadcrumb\",\"itemListElement\":[{\"@type\":\"ListItem\",\"position\":1,\"name\":\"Accueil\",\"item\":\"https:\\\/\\\/clarkpowell.ad\\\/fr\\\/\"},{\"@type\":\"ListItem\",\"position\":2,\"name\":\"Mentions l\u00e9gales\"}]},{\"@type\":\"WebSite\",\"@id\":\"http:\\\/\\\/clarkpowell.ad\\\/fr\\\/#website\",\"url\":\"http:\\\/\\\/clarkpowell.ad\\\/fr\\\/\",\"name\":\"Clark Powell Andorre\",\"description\":\"\",\"alternateName\":\"Clark Powell\",\"potentialAction\":[{\"@type\":\"SearchAction\",\"target\":{\"@type\":\"EntryPoint\",\"urlTemplate\":\"http:\\\/\\\/clarkpowell.ad\\\/fr\\\/?s={search_term_string}\"},\"query-input\":{\"@type\":\"PropertyValueSpecification\",\"valueRequired\":true,\"valueName\":\"search_term_string\"}}],\"inLanguage\":\"fr-FR\"}]}<\/script>","yoast_head_json":{"title":"Mentions l\u00e9gales - Clark Powell","description":"D\u00e9couvrez nos mentions l\u00e9gales.","robots":{"index":"noindex","follow":"nofollow"},"og_locale":"fr_FR","og_type":"article","og_title":"Mentions l\u00e9gales - Clark Powell","og_description":"D\u00e9couvrez nos mentions l\u00e9gales.","og_url":"https:\/\/clarkpowell.ad\/fr\/mentions-legales\/","og_site_name":"Clark Powell","article_modified_time":"2025-12-15T14:16:25+00:00","twitter_card":"summary_large_image","twitter_misc":{"Dur\u00e9e de lecture estim\u00e9e":"8 minutes"},"schema":{"@context":"https:\/\/schema.org","@graph":[{"@type":"WebPage","@id":"https:\/\/clarkpowell.ad\/fr\/mentions-legales\/","url":"https:\/\/clarkpowell.ad\/fr\/mentions-legales\/","name":"Mentions l\u00e9gales - Clark Powell","isPartOf":{"@id":"http:\/\/clarkpowell.ad\/fr\/#website"},"datePublished":"2025-05-06T15:23:36+00:00","dateModified":"2025-12-15T14:16:25+00:00","description":"D\u00e9couvrez nos mentions l\u00e9gales.","breadcrumb":{"@id":"https:\/\/clarkpowell.ad\/fr\/mentions-legales\/#breadcrumb"},"inLanguage":"fr-FR","potentialAction":[{"@type":"ReadAction","target":["https:\/\/clarkpowell.ad\/fr\/mentions-legales\/"]}]},{"@type":"BreadcrumbList","@id":"https:\/\/clarkpowell.ad\/fr\/mentions-legales\/#breadcrumb","itemListElement":[{"@type":"ListItem","position":1,"name":"Accueil","item":"https:\/\/clarkpowell.ad\/fr\/"},{"@type":"ListItem","position":2,"name":"Mentions l\u00e9gales"}]},{"@type":"WebSite","@id":"http:\/\/clarkpowell.ad\/fr\/#website","url":"http:\/\/clarkpowell.ad\/fr\/","name":"Clark Powell Andorre","description":"","alternateName":"Clark Powell","potentialAction":[{"@type":"SearchAction","target":{"@type":"EntryPoint","urlTemplate":"http:\/\/clarkpowell.ad\/fr\/?s={search_term_string}"},"query-input":{"@type":"PropertyValueSpecification","valueRequired":true,"valueName":"search_term_string"}}],"inLanguage":"fr-FR"}]}},"_links":{"self":[{"href":"https:\/\/clarkpowell.ad\/fr\/wp-json\/wp\/v2\/pages\/114","targetHints":{"allow":["GET"]}}],"collection":[{"href":"https:\/\/clarkpowell.ad\/fr\/wp-json\/wp\/v2\/pages"}],"about":[{"href":"https:\/\/clarkpowell.ad\/fr\/wp-json\/wp\/v2\/types\/page"}],"author":[{"embeddable":true,"href":"https:\/\/clarkpowell.ad\/fr\/wp-json\/wp\/v2\/users\/2"}],"replies":[{"embeddable":true,"href":"https:\/\/clarkpowell.ad\/fr\/wp-json\/wp\/v2\/comments?post=114"}],"version-history":[{"count":1,"href":"https:\/\/clarkpowell.ad\/fr\/wp-json\/wp\/v2\/pages\/114\/revisions"}],"predecessor-version":[{"id":8297,"href":"https:\/\/clarkpowell.ad\/fr\/wp-json\/wp\/v2\/pages\/114\/revisions\/8297"}],"wp:attachment":[{"href":"https:\/\/clarkpowell.ad\/fr\/wp-json\/wp\/v2\/media?parent=114"}],"curies":[{"name":"wp","href":"https:\/\/api.w.org\/{rel}","templated":true}]}}