{"id":356,"date":"2025-07-16T16:16:27","date_gmt":"2025-07-16T14:16:27","guid":{"rendered":"https:\/\/clark-powell.spktr.fr\/?page_id=356"},"modified":"2026-03-10T11:42:18","modified_gmt":"2026-03-10T10:42:18","slug":"coaching-sportif","status":"publish","type":"page","link":"https:\/\/clarkpowell.ad\/fr\/coaching-sportif\/","title":{"rendered":"Coaching"},"content":{"rendered":"","protected":false},"excerpt":{"rendered":"","protected":false},"author":2,"featured_media":0,"parent":0,"menu_order":0,"comment_status":"closed","ping_status":"closed","template":"page-coaching.php","meta":{"_acf_changed":false,"footnotes":""},"class_list":["post-356","page","type-page","status-publish","hentry"],"acf":[],"yoast_head":"<title>Le Coaching chez Clark Powell - Salles de sport immersives<\/title>\n<meta name=\"description\" content=\"Atteignez vos objectifs avec l\u2019accompagnement de nos coachs dipl\u00f4m\u00e9s d&#039;\u00e9tat. Programmes personnalis\u00e9s et suivi r\u00e9gulier inclus.\" \/>\n<meta name=\"robots\" content=\"index, follow, max-snippet:-1, max-image-preview:large, max-video-preview:-1\" \/>\n<link rel=\"canonical\" href=\"https:\/\/clarkpowell.ad\/fr\/coaching-sportif\/\" \/>\n<meta property=\"og:locale\" content=\"fr_FR\" \/>\n<meta property=\"og:type\" content=\"article\" \/>\n<meta property=\"og:title\" content=\"Le Coaching chez Clark Powell - Salles de sport immersives\" \/>\n<meta property=\"og:description\" content=\"Atteignez vos objectifs avec l\u2019accompagnement de nos coachs dipl\u00f4m\u00e9s d&#039;\u00e9tat. Programmes personnalis\u00e9s et suivi r\u00e9gulier inclus.\" \/>\n<meta property=\"og:url\" content=\"https:\/\/clarkpowell.ad\/fr\/coaching-sportif\/\" \/>\n<meta property=\"og:site_name\" content=\"Clark Powell\" \/>\n<meta property=\"article:modified_time\" content=\"2026-03-10T10:42:18+00:00\" \/>\n<meta name=\"twitter:card\" content=\"summary_large_image\" \/>\n<script type=\"application\/ld+json\" class=\"yoast-schema-graph\">{\"@context\":\"https:\\\/\\\/schema.org\",\"@graph\":[{\"@type\":\"WebPage\",\"@id\":\"https:\\\/\\\/clarkpowell.ad\\\/fr\\\/coaching-sportif\\\/\",\"url\":\"https:\\\/\\\/clarkpowell.ad\\\/fr\\\/coaching-sportif\\\/\",\"name\":\"Le Coaching chez Clark Powell - Salles de sport immersives\",\"isPartOf\":{\"@id\":\"http:\\\/\\\/clarkpowell.ad\\\/fr\\\/#website\"},\"datePublished\":\"2025-07-16T14:16:27+00:00\",\"dateModified\":\"2026-03-10T10:42:18+00:00\",\"description\":\"Atteignez vos objectifs avec l\u2019accompagnement de nos coachs dipl\u00f4m\u00e9s d'\u00e9tat. Programmes personnalis\u00e9s et suivi r\u00e9gulier inclus.\",\"breadcrumb\":{\"@id\":\"https:\\\/\\\/clarkpowell.ad\\\/fr\\\/coaching-sportif\\\/#breadcrumb\"},\"inLanguage\":\"fr-FR\",\"potentialAction\":[{\"@type\":\"ReadAction\",\"target\":[\"https:\\\/\\\/clarkpowell.ad\\\/fr\\\/coaching-sportif\\\/\"]}]},{\"@type\":\"BreadcrumbList\",\"@id\":\"https:\\\/\\\/clarkpowell.ad\\\/fr\\\/coaching-sportif\\\/#breadcrumb\",\"itemListElement\":[{\"@type\":\"ListItem\",\"position\":1,\"name\":\"Accueil\",\"item\":\"https:\\\/\\\/clarkpowell.ad\\\/fr\\\/\"},{\"@type\":\"ListItem\",\"position\":2,\"name\":\"Coaching\"}]},{\"@type\":\"WebSite\",\"@id\":\"http:\\\/\\\/clarkpowell.ad\\\/fr\\\/#website\",\"url\":\"http:\\\/\\\/clarkpowell.ad\\\/fr\\\/\",\"name\":\"Clark Powell Andorre\",\"description\":\"\",\"alternateName\":\"Clark Powell\",\"potentialAction\":[{\"@type\":\"SearchAction\",\"target\":{\"@type\":\"EntryPoint\",\"urlTemplate\":\"http:\\\/\\\/clarkpowell.ad\\\/fr\\\/?s={search_term_string}\"},\"query-input\":{\"@type\":\"PropertyValueSpecification\",\"valueRequired\":true,\"valueName\":\"search_term_string\"}}],\"inLanguage\":\"fr-FR\"}]}<\/script>","yoast_head_json":{"title":"Le Coaching chez Clark Powell - Salles de sport immersives","description":"Atteignez vos objectifs avec l\u2019accompagnement de nos coachs dipl\u00f4m\u00e9s d'\u00e9tat. Programmes personnalis\u00e9s et suivi r\u00e9gulier inclus.","robots":{"index":"index","follow":"follow","max-snippet":"max-snippet:-1","max-image-preview":"max-image-preview:large","max-video-preview":"max-video-preview:-1"},"canonical":"https:\/\/clarkpowell.ad\/fr\/coaching-sportif\/","og_locale":"fr_FR","og_type":"article","og_title":"Le Coaching chez Clark Powell - Salles de sport immersives","og_description":"Atteignez vos objectifs avec l\u2019accompagnement de nos coachs dipl\u00f4m\u00e9s d'\u00e9tat. Programmes personnalis\u00e9s et suivi r\u00e9gulier inclus.","og_url":"https:\/\/clarkpowell.ad\/fr\/coaching-sportif\/","og_site_name":"Clark Powell","article_modified_time":"2026-03-10T10:42:18+00:00","twitter_card":"summary_large_image","schema":{"@context":"https:\/\/schema.org","@graph":[{"@type":"WebPage","@id":"https:\/\/clarkpowell.ad\/fr\/coaching-sportif\/","url":"https:\/\/clarkpowell.ad\/fr\/coaching-sportif\/","name":"Le Coaching chez Clark Powell - Salles de sport immersives","isPartOf":{"@id":"http:\/\/clarkpowell.ad\/fr\/#website"},"datePublished":"2025-07-16T14:16:27+00:00","dateModified":"2026-03-10T10:42:18+00:00","description":"Atteignez vos objectifs avec l\u2019accompagnement de nos coachs dipl\u00f4m\u00e9s d'\u00e9tat. Programmes personnalis\u00e9s et suivi r\u00e9gulier inclus.","breadcrumb":{"@id":"https:\/\/clarkpowell.ad\/fr\/coaching-sportif\/#breadcrumb"},"inLanguage":"fr-FR","potentialAction":[{"@type":"ReadAction","target":["https:\/\/clarkpowell.ad\/fr\/coaching-sportif\/"]}]},{"@type":"BreadcrumbList","@id":"https:\/\/clarkpowell.ad\/fr\/coaching-sportif\/#breadcrumb","itemListElement":[{"@type":"ListItem","position":1,"name":"Accueil","item":"https:\/\/clarkpowell.ad\/fr\/"},{"@type":"ListItem","position":2,"name":"Coaching"}]},{"@type":"WebSite","@id":"http:\/\/clarkpowell.ad\/fr\/#website","url":"http:\/\/clarkpowell.ad\/fr\/","name":"Clark Powell Andorre","description":"","alternateName":"Clark Powell","potentialAction":[{"@type":"SearchAction","target":{"@type":"EntryPoint","urlTemplate":"http:\/\/clarkpowell.ad\/fr\/?s={search_term_string}"},"query-input":{"@type":"PropertyValueSpecification","valueRequired":true,"valueName":"search_term_string"}}],"inLanguage":"fr-FR"}]}},"_links":{"self":[{"href":"https:\/\/clarkpowell.ad\/fr\/wp-json\/wp\/v2\/pages\/356","targetHints":{"allow":["GET"]}}],"collection":[{"href":"https:\/\/clarkpowell.ad\/fr\/wp-json\/wp\/v2\/pages"}],"about":[{"href":"https:\/\/clarkpowell.ad\/fr\/wp-json\/wp\/v2\/types\/page"}],"author":[{"embeddable":true,"href":"https:\/\/clarkpowell.ad\/fr\/wp-json\/wp\/v2\/users\/2"}],"replies":[{"embeddable":true,"href":"https:\/\/clarkpowell.ad\/fr\/wp-json\/wp\/v2\/comments?post=356"}],"version-history":[{"count":2,"href":"https:\/\/clarkpowell.ad\/fr\/wp-json\/wp\/v2\/pages\/356\/revisions"}],"predecessor-version":[{"id":16111,"href":"https:\/\/clarkpowell.ad\/fr\/wp-json\/wp\/v2\/pages\/356\/revisions\/16111"}],"wp:attachment":[{"href":"https:\/\/clarkpowell.ad\/fr\/wp-json\/wp\/v2\/media?parent=356"}],"curies":[{"name":"wp","href":"https:\/\/api.w.org\/{rel}","templated":true}]}}