{"id":72,"date":"2025-05-03T18:59:53","date_gmt":"2025-05-03T16:59:53","guid":{"rendered":"https:\/\/clark-powell.spktr.fr\/?page_id=72"},"modified":"2026-03-10T11:38:06","modified_gmt":"2026-03-10T10:38:06","slug":"accueil","status":"publish","type":"page","link":"https:\/\/clarkpowell.ad\/fr\/","title":{"rendered":"Accueil"},"content":{"rendered":"","protected":false},"excerpt":{"rendered":"","protected":false},"author":2,"featured_media":0,"parent":0,"menu_order":0,"comment_status":"closed","ping_status":"closed","template":"page-accueil.php","meta":{"_acf_changed":false,"footnotes":""},"class_list":["post-72","page","type-page","status-publish","hentry"],"acf":[],"yoast_head":"<title>Clark Powell Fitness - Salles de sport immersives<\/title>\n<meta name=\"description\" content=\"D\u00e9couvrez Clark Powell : salles de sport immersives, d\u00e9butants \u00e0 experts, coaching et cours collectifs, \u00e0 partir de 12\u20ac95 et sans engagement.\" \/>\n<meta name=\"robots\" content=\"index, follow, max-snippet:-1, max-image-preview:large, max-video-preview:-1\" \/>\n<link rel=\"canonical\" href=\"https:\/\/clarkpowell.ad\/fr\/\" \/>\n<meta property=\"og:locale\" content=\"fr_FR\" \/>\n<meta property=\"og:type\" content=\"article\" \/>\n<meta property=\"og:title\" content=\"Clark Powell Fitness - Salles de sport immersives\" \/>\n<meta property=\"og:description\" content=\"D\u00e9couvrez Clark Powell : salles de sport immersives, d\u00e9butants \u00e0 experts, coaching et cours collectifs, \u00e0 partir de 12\u20ac95 et sans engagement.\" \/>\n<meta property=\"og:url\" content=\"https:\/\/clarkpowell.ad\/fr\/\" \/>\n<meta property=\"og:site_name\" content=\"Clark Powell\" \/>\n<meta property=\"article:modified_time\" content=\"2026-03-10T10:38:06+00:00\" \/>\n<meta name=\"twitter:card\" content=\"summary_large_image\" \/>\n<script type=\"application\/ld+json\" class=\"yoast-schema-graph\">{\"@context\":\"https:\\\/\\\/schema.org\",\"@graph\":[{\"@type\":\"WebPage\",\"@id\":\"https:\\\/\\\/clarkpowell.ad\\\/fr\\\/\",\"url\":\"https:\\\/\\\/clarkpowell.ad\\\/fr\\\/\",\"name\":\"Clark Powell Fitness - Salles de sport immersives\",\"isPartOf\":{\"@id\":\"http:\\\/\\\/clarkpowell.ad\\\/fr\\\/#website\"},\"datePublished\":\"2025-05-03T16:59:53+00:00\",\"dateModified\":\"2026-03-10T10:38:06+00:00\",\"description\":\"D\u00e9couvrez Clark Powell : salles de sport immersives, d\u00e9butants \u00e0 experts, coaching et cours collectifs, \u00e0 partir de 12\u20ac95 et sans engagement.\",\"breadcrumb\":{\"@id\":\"https:\\\/\\\/clarkpowell.ad\\\/fr\\\/#breadcrumb\"},\"inLanguage\":\"fr-FR\",\"potentialAction\":[{\"@type\":\"ReadAction\",\"target\":[\"https:\\\/\\\/clarkpowell.ad\\\/fr\\\/\"]}]},{\"@type\":\"BreadcrumbList\",\"@id\":\"https:\\\/\\\/clarkpowell.ad\\\/fr\\\/#breadcrumb\",\"itemListElement\":[{\"@type\":\"ListItem\",\"position\":1,\"name\":\"Accueil\",\"item\":\"https:\\\/\\\/clarkpowell.ad\\\/fr\\\/\"},{\"@type\":\"ListItem\",\"position\":2,\"name\":\"Accueil\"}]},{\"@type\":\"WebSite\",\"@id\":\"http:\\\/\\\/clarkpowell.ad\\\/fr\\\/#website\",\"url\":\"http:\\\/\\\/clarkpowell.ad\\\/fr\\\/\",\"name\":\"Clark Powell Andorre\",\"description\":\"\",\"alternateName\":\"Clark Powell\",\"potentialAction\":[{\"@type\":\"SearchAction\",\"target\":{\"@type\":\"EntryPoint\",\"urlTemplate\":\"http:\\\/\\\/clarkpowell.ad\\\/fr\\\/?s={search_term_string}\"},\"query-input\":{\"@type\":\"PropertyValueSpecification\",\"valueRequired\":true,\"valueName\":\"search_term_string\"}}],\"inLanguage\":\"fr-FR\"}]}<\/script>","yoast_head_json":{"title":"Clark Powell Fitness - Salles de sport immersives","description":"D\u00e9couvrez Clark Powell : salles de sport immersives, d\u00e9butants \u00e0 experts, coaching et cours collectifs, \u00e0 partir de 12\u20ac95 et sans engagement.","robots":{"index":"index","follow":"follow","max-snippet":"max-snippet:-1","max-image-preview":"max-image-preview:large","max-video-preview":"max-video-preview:-1"},"canonical":"https:\/\/clarkpowell.ad\/fr\/","og_locale":"fr_FR","og_type":"article","og_title":"Clark Powell Fitness - Salles de sport immersives","og_description":"D\u00e9couvrez Clark Powell : salles de sport immersives, d\u00e9butants \u00e0 experts, coaching et cours collectifs, \u00e0 partir de 12\u20ac95 et sans engagement.","og_url":"https:\/\/clarkpowell.ad\/fr\/","og_site_name":"Clark Powell","article_modified_time":"2026-03-10T10:38:06+00:00","twitter_card":"summary_large_image","schema":{"@context":"https:\/\/schema.org","@graph":[{"@type":"WebPage","@id":"https:\/\/clarkpowell.ad\/fr\/","url":"https:\/\/clarkpowell.ad\/fr\/","name":"Clark Powell Fitness - Salles de sport immersives","isPartOf":{"@id":"http:\/\/clarkpowell.ad\/fr\/#website"},"datePublished":"2025-05-03T16:59:53+00:00","dateModified":"2026-03-10T10:38:06+00:00","description":"D\u00e9couvrez Clark Powell : salles de sport immersives, d\u00e9butants \u00e0 experts, coaching et cours collectifs, \u00e0 partir de 12\u20ac95 et sans engagement.","breadcrumb":{"@id":"https:\/\/clarkpowell.ad\/fr\/#breadcrumb"},"inLanguage":"fr-FR","potentialAction":[{"@type":"ReadAction","target":["https:\/\/clarkpowell.ad\/fr\/"]}]},{"@type":"BreadcrumbList","@id":"https:\/\/clarkpowell.ad\/fr\/#breadcrumb","itemListElement":[{"@type":"ListItem","position":1,"name":"Accueil","item":"https:\/\/clarkpowell.ad\/fr\/"},{"@type":"ListItem","position":2,"name":"Accueil"}]},{"@type":"WebSite","@id":"http:\/\/clarkpowell.ad\/fr\/#website","url":"http:\/\/clarkpowell.ad\/fr\/","name":"Clark Powell Andorre","description":"","alternateName":"Clark Powell","potentialAction":[{"@type":"SearchAction","target":{"@type":"EntryPoint","urlTemplate":"http:\/\/clarkpowell.ad\/fr\/?s={search_term_string}"},"query-input":{"@type":"PropertyValueSpecification","valueRequired":true,"valueName":"search_term_string"}}],"inLanguage":"fr-FR"}]}},"_links":{"self":[{"href":"https:\/\/clarkpowell.ad\/fr\/wp-json\/wp\/v2\/pages\/72","targetHints":{"allow":["GET"]}}],"collection":[{"href":"https:\/\/clarkpowell.ad\/fr\/wp-json\/wp\/v2\/pages"}],"about":[{"href":"https:\/\/clarkpowell.ad\/fr\/wp-json\/wp\/v2\/types\/page"}],"author":[{"embeddable":true,"href":"https:\/\/clarkpowell.ad\/fr\/wp-json\/wp\/v2\/users\/2"}],"replies":[{"embeddable":true,"href":"https:\/\/clarkpowell.ad\/fr\/wp-json\/wp\/v2\/comments?post=72"}],"version-history":[{"count":14,"href":"https:\/\/clarkpowell.ad\/fr\/wp-json\/wp\/v2\/pages\/72\/revisions"}],"predecessor-version":[{"id":16106,"href":"https:\/\/clarkpowell.ad\/fr\/wp-json\/wp\/v2\/pages\/72\/revisions\/16106"}],"wp:attachment":[{"href":"https:\/\/clarkpowell.ad\/fr\/wp-json\/wp\/v2\/media?parent=72"}],"curies":[{"name":"wp","href":"https:\/\/api.w.org\/{rel}","templated":true}]}}